{"id":237,"date":"2021-04-07T20:48:03","date_gmt":"2021-04-07T20:48:03","guid":{"rendered":"https:\/\/svavocats.com\/?page_id=237"},"modified":"2025-07-10T19:37:05","modified_gmt":"2025-07-10T19:37:05","slug":"areas-of-practice","status":"publish","type":"page","link":"https:\/\/svavocats.com\/en\/areas-of-practice\/","title":{"rendered":"Areas of practice"},"content":{"rendered":"<h1>Areas of practice<\/h1>\n<div>St-Amant &amp; Vien Avocats d\u2019affaires relies on a competitive cost structure and on a range<br \/>\nof expertise which, when combined, meet the most diversified and complex needs and<br \/>\nguide the most challenging business decisions.<\/div>\n<ul>\n<li>\n<h3>Tax Law<\/h3>\n<p>Your business decisions have financial, legal and tax consequences that directly impact your organization\u2019s sustainability.<\/p>\n<p><a href=\"\/index.php\/tax-law\/?lang=en\"><\/a><\/p>\n<\/li>\n<li>\n<h3>Commercial &#038; Corporate Law<\/h3>\n<p>St-Amant &amp; Vien Avocats d\u2019affaires advises its corporate clients on legal, commercial and strategic issues relating to day-to-day operations and transactions that bring major business changes.<\/p>\n<p><a href=\"\/index.php\/commercial-corporate-law\/?lang=en\"><\/a><\/p>\n<\/li>\n<li>\n<h3>Intellectual Property<\/h3>\n<p>St-Amant &amp; Vien Avocats d\u2019affaires provides an array of advice on matters relating to intellectual property (IP) to help maximize the commercial value of your company. In addition to managing your IP portfolio, our expertise also covers registering, licensing and selling IP rights as part of technology transfer operations.<\/p>\n<p><a href=\"\/index.php\/intellectual-property\/?lang=en\"><\/a><\/p>\n<\/li>\n<li>\n<h3>International Business Law<\/h3>\n<p>St-Amant &amp; Vien Avocats d\u2019affaires can help you operate abroad and manage the risks associated with your projects in markets such as the United States and Europe.<\/p>\n<p><a href=\"\/index.php\/international-business-law\/?lang=en\"><\/a><\/p>\n<\/li>\n<li>\n<h3>Real Estate Law<\/h3>\n<p>Our team can guide you in your real estate projects.<\/p>\n<p><a href=\"\/index.php\/real-estate-law\/?lang=en\"><\/a><\/p>\n<\/li>\n<li>\n<h3>Immigration and Workforce Mobility<\/h3>\n<p>Our team offers a wide range of immigration services to businesses and individuals, in matters that include work permits, study permits, visitor records, permanent residency and citizenship, both in Canada and the United States.<\/p>\n<p><a href=\"\/index.php\/immigration-and-workforce-mobility\/?lang=en\"><\/a><\/p>\n<\/li>\n<li>\n<h3>Strategic and Business Advice<\/h3>\n<p>Our professionals\u2019 experience and network are working for you. In addition to addressing your legal and tax needs, we can guide and advise you in carrying out your projects, large and small.<\/p>\n<p><a href=\"\/index.php\/strategic-and-business-advice\/?lang=en\"><\/a><\/p>\n<\/li>\n<li>\n<h3>NOTARY LAW<\/h3>\n<p>The notary law specialists at St-Amant &#038; Vien will support and advise you on your business projects and transactions. <\/p>\n<p><a href=\"\/index.php\/notary-law\/?lang=en\"><\/a><\/p>\n<\/li>\n<\/ul>\n<h2>Contact Us<\/h2>\n<ul>\n<li>\n<h3>Quebec Office<\/h3>\n<div>\n<p><span>824 Myrand Avenue<\/span><span>\u00a0<\/span><br \/><span>Qu\u00e9bec (Qu\u00e9bec) G1V 2V5<\/span><br \/><a href=\"tel:581 814-0774\" class=\"el-content uk-link-text\">Phone\/Fax : 581 814-0774<\/a> <br \/><a href=\"mailto:info@svavocats.com\">Email : info@svavocats.com<\/a><\/p>\n<\/div>\n<\/li>\n<li>\n<h3>Montreal Office<\/h3>\n<div>\n<p>2 Place du Commerce<br \/>\nSuite 218<br \/>\nMontr\u00e9al (Qu\u00e9bec) H3E 1A1<br \/><a href=\"tel:581 814-0774\" class=\"el-content uk-link-text\">Phone\/Fax : 581 814-0774<\/a> <br \/> <a href=\"mailto:info@svavocats.com\">Email : info@svavocats.com<\/a><\/p>\n<\/p><\/div>\n<\/li>\n<li>\n<h3>S&#038;V Notaires<\/h3>\n<div>\n<p><span>824 Myrand Avenue<\/span><span>\u00a0<\/span><br \/><span>Qu\u00e9bec (Qu\u00e9bec) G1V 2V5<\/span><br \/><a href=\"tel:4186875454\">Phone:418 687-5454<\/a><br \/><a href=\"fax:4186870540\">Fax: 418 687-0540<\/a><br \/><a href=\"mailto:info@svnotaires.com\">Email: info@svnotaires.com<\/a><\/p>\n<\/div>\n<\/li>\n<li>\n<p><img decoding=\"async\" src=\"\/wp-content\/uploads\/2025\/06\/aea-internationallawyersnetwork.png\" alt=\"INTERNATIONAL LAWYERS NETWORK\"><\/p>\n<\/li>\n<\/ul>\n<p><!--more--><br \/>\n<!-- {\"name\":\"noschampsdepratique\",\"type\":\"layout\",\"children\":[{\"type\":\"section\",\"props\":{\"animation\":\"fade\",\"animation_delay\":\"200\",\"id\":\"pratiques\",\"image_effect\":\"fixed\",\"image_position\":\"center-center\",\"image_size\":\"cover\",\"style\":\"muted\",\"title_breakpoint\":\"xl\",\"title_position\":\"top-left\",\"title_rotation\":\"left\",\"vertical_align\":\"middle\",\"width\":\"default\"},\"children\":[{\"type\":\"row\",\"children\":[{\"type\":\"column\",\"props\":{\"image_position\":\"center-center\",\"position_sticky_breakpoint\":\"m\"},\"children\":[{\"type\":\"headline\",\"props\":{\"animation\":\"slide-left-small\",\"content\":\"Areas of practice\",\"title_decoration\":\"line\",\"title_element\":\"h1\",\"title_style\":\"heading-small\"}},{\"type\":\"text\",\"props\":{\"animation\":\"slide-top-medium\",\"column_breakpoint\":\"m\",\"content\":\"St-Amant &amp; Vien Avocats d\\u2019affaires relies on a competitive cost structure and on a range\\nof expertise which, when combined, meet the most diversified and complex needs and\\nguide the most challenging business decisions.\",\"margin\":\"default\"}},{\"type\":\"grid\",\"props\":{\"animation\":\"slide-bottom-small\",\"content_column_breakpoint\":\"m\",\"filter_align\":\"left\",\"filter_all\":true,\"filter_grid_breakpoint\":\"m\",\"filter_grid_width\":\"auto\",\"filter_position\":\"top\",\"filter_style\":\"tab\",\"grid_column_gap\":\"small\",\"grid_default\":\"1\",\"grid_medium\":\"2\",\"grid_row_gap\":\"small\",\"icon_color\":\"primary\",\"icon_width\":\"64\",\"image_align\":\"left\",\"image_grid_breakpoint\":\"m\",\"image_grid_column_gap\":\"small\",\"image_grid_row_gap\":\"small\",\"image_grid_width\":\"1-5\",\"image_svg_color\":\"emphasis\",\"image_vertical_align\":true,\"image_width\":\"64\",\"item_animation\":true,\"link_style\":\"default\",\"link_text\":\"\",\"margin\":\"default\",\"meta_align\":\"below-title\",\"meta_color\":\"success\",\"meta_element\":\"div\",\"meta_margin\":\"small\",\"meta_style\":\"text-meta\",\"panel_link\":true,\"panel_padding\":\"small\",\"panel_style\":\"card-default\",\"parallax_easing\":\"1\",\"show_content\":true,\"show_image\":true,\"show_link\":true,\"show_meta\":true,\"show_title\":true,\"title_align\":\"top\",\"title_element\":\"h3\",\"title_grid_breakpoint\":\"m\",\"title_grid_width\":\"1-2\",\"title_hover_style\":\"reset\",\"title_style\":\"h6\"},\"children\":[{\"type\":\"grid_item\",\"props\":{\"icon\":\"\",\"image\":\"\",\"link\":\"index.php\\\/tax-law\\\/?lang=en\",\"meta\":\"Your business decisions have financial, legal and tax consequences that directly impact your organization\\u2019s sustainability.\",\"title\":\"Tax Law\"}},{\"type\":\"grid_item\",\"props\":{\"icon\":\"\",\"image\":\"\",\"link\":\"index.php\\\/commercial-corporate-law\\\/?lang=en\",\"meta\":\"St-Amant &amp; Vien Avocats d\\u2019affaires advises its corporate clients on legal, commercial and strategic issues relating to day-to-day operations and transactions that bring major business changes.\",\"title\":\"Commercial & Corporate Law\"}},{\"type\":\"grid_item\",\"props\":{\"icon\":\"\",\"image\":\"\",\"link\":\"index.php\\\/intellectual-property\\\/?lang=en\",\"meta\":\"St-Amant &amp; Vien Avocats d\\u2019affaires provides an array of advice on matters relating to intellectual property (IP) to help maximize the commercial value of your company. In addition to managing your IP portfolio, our expertise also covers registering, licensing and selling IP rights as part of technology transfer operations.\",\"title\":\"Intellectual Property\"}},{\"type\":\"grid_item\",\"props\":{\"icon\":\"\",\"image\":\"\",\"link\":\"index.php\\\/international-business-law\\\/?lang=en\",\"meta\":\"St-Amant &amp; Vien Avocats d\\u2019affaires can help you operate abroad and manage the risks associated with your projects in markets such as the United States and Europe.\",\"title\":\"International Business Law\"}},{\"type\":\"grid_item\",\"props\":{\"icon\":\"\",\"image\":\"\",\"link\":\"index.php\\\/real-estate-law\\\/?lang=en\",\"meta\":\"Our team can guide you in your real estate projects.\",\"title\":\"Real Estate Law\"}},{\"type\":\"grid_item\",\"props\":{\"content\":\"\",\"icon\":\"\",\"image\":\"\",\"link\":\"index.php\\\/immigration-and-workforce-mobility\\\/?lang=en\",\"meta\":\"Our team offers a wide range of immigration services to businesses and individuals, in matters that include work permits, study permits, visitor records, permanent residency and citizenship, both in Canada and the United States.\",\"title\":\"Immigration and Workforce Mobility\"}},{\"type\":\"grid_item\",\"props\":{\"content\":\"\",\"icon\":\"\",\"image\":\"\",\"link\":\"index.php\\\/strategic-and-business-advice\\\/?lang=en\",\"meta\":\"Our professionals\\u2019 experience and network are working for you. In addition to addressing your legal and tax needs, we can guide and advise you in carrying out your projects, large and small.\",\"title\":\"Strategic and Business Advice\"}},{\"type\":\"grid_item\",\"props\":{\"content\":\"\",\"link\":\"index.php\\\/notary-law\\\/?lang=en\",\"meta\":\"The notary law specialists at St-Amant & Vien will support and advise you on your business projects and transactions. \",\"title\":\"NOTARY LAW\"}}]}]}]}]},{\"type\":\"section\",\"props\":{\"animation\":\"fade\",\"animation_delay\":\"200\",\"image_position\":\"center-center\",\"padding\":\"small\",\"style\":\"default\",\"title_breakpoint\":\"xl\",\"title_position\":\"top-left\",\"title_rotation\":\"left\",\"vertical_align\":\"middle\",\"width\":\"default\"},\"children\":[{\"type\":\"row\",\"children\":[{\"type\":\"column\",\"props\":{\"image_position\":\"center-center\",\"position_sticky_breakpoint\":\"m\"},\"children\":[{\"type\":\"headline\",\"props\":{\"animation\":\"slide-left-small\",\"content\":\"Contact Us\",\"text_align\":\"left\",\"text_align_breakpoint\":\"m\",\"text_align_fallback\":\"center\",\"title_decoration\":\"line\",\"title_element\":\"h2\",\"title_style\":\"heading-small\"},\"modified\":\"2021-04-08T07:26:17.459Z\",\"name\":\"Headline Footer English\"},{\"type\":\"grid\",\"props\":{\"content_column_breakpoint\":\"m\",\"filter_align\":\"left\",\"filter_all\":true,\"filter_grid_breakpoint\":\"m\",\"filter_grid_width\":\"auto\",\"filter_position\":\"top\",\"filter_style\":\"tab\",\"grid_default\":\"1\",\"grid_medium\":\"2\",\"icon_width\":80,\"image_align\":\"top\",\"image_grid_breakpoint\":\"m\",\"image_grid_width\":\"1-2\",\"image_svg_color\":\"emphasis\",\"item_animation\":true,\"link_style\":\"default\",\"link_text\":\"Read more\",\"margin\":\"default\",\"meta_align\":\"below-title\",\"meta_element\":\"div\",\"meta_style\":\"text-meta\",\"parallax_easing\":\"1\",\"show_content\":true,\"show_image\":true,\"show_link\":true,\"show_meta\":true,\"show_title\":true,\"text_align\":\"left\",\"text_align_breakpoint\":\"m\",\"text_align_fallback\":\"center\",\"title_align\":\"top\",\"title_element\":\"h3\",\"title_grid_breakpoint\":\"m\",\"title_grid_width\":\"1-2\",\"title_hover_style\":\"reset\"},\"children\":[{\"type\":\"grid_item\",\"props\":{\"content\":\"\n\n<p><span>824 Myrand Avenue<\\\/span><span>\\u00a0<\\\/span><br \\\/><span>Qu\\u00e9bec (Qu\\u00e9bec) G1V 2V5<\\\/span><br \\\/><a href=\\\"tel:581 814-0774\\\" class=\\\"el-content uk-link-text\\\">Phone\\\/Fax : 581 814-0774<\\\/a> <br \\\/><a href=\\\"mailto:info@svavocats.com\\\">Email : info@svavocats.com<\\\/a><\\\/p>\",\"title\":\"Quebec Office\"}},{\"type\":\"grid_item\",\"props\":{\"content\":\"\n\n<p>2 Place du Commerce<br \/>\\nSuite 218<br \/>\\nMontr\\u00e9al (Qu\\u00e9bec) H3E 1A1<br \/><a href=\\\"tel:581 814-0774\\\" class=\\\"el-content uk-link-text\\\">Phone\\\/Fax : 581 814-0774<\\\/a> <br \/> <a href=\\\"mailto:info@svavocats.com\\\">Email : info@svavocats.com<\\\/a><\\\/p>\\n       \",\"title\":\"Montreal Office\"}},{\"type\":\"grid_item\",\"props\":{\"content\":\"\n\n<p><span>824 Myrand Avenue<\\\/span><span>\\u00a0<\\\/span><br \\\/><span>Qu\\u00e9bec (Qu\\u00e9bec) G1V 2V5<\\\/span><br \\\/><a href=\\\"tel:4186875454\\\">Phone:418 687-5454<\\\/a><br \\\/><a href=\\\"fax:4186870540\\\">Fax: 418 687-0540<\\\/a><br \\\/><a href=\\\"mailto:info@svnotaires.com\\\">Email: info@svnotaires.com<\\\/a><\\\/p>\",\"title\":\"S&V Notaires\"}},{\"type\":\"grid_item\",\"props\":{\"image\":\"wp-content\\\/uploads\\\/2025\\\/06\\\/aea-internationallawyersnetwork.png\",\"image_alt\":\"INTERNATIONAL LAWYERS NETWORK\"}}],\"modified\":\"2021-04-08T07:26:27.777Z\",\"name\":\"Grid Footer English\"}]}]}]}],\"version\":\"4.3.10\"} --><\/p>\n","protected":false},"excerpt":{"rendered":"<p>Areas of practice St-Amant &amp; Vien Avocats d\u2019affaires relies on a competitive cost structure and on a range of expertise which, when combined, meet the most diversified and complex needs and guide the most challenging business decisions. Tax Law Your business decisions have financial, legal and tax consequences that directly impact your organization\u2019s sustainability. Commercial [&hellip;]<\/p>\n","protected":false},"author":2,"featured_media":0,"parent":0,"menu_order":0,"comment_status":"closed","ping_status":"closed","template":"","meta":{"footnotes":""},"class_list":["post-237","page","type-page","status-publish","hentry"],"yoast_head":"<!-- This site is optimized with the Yoast SEO plugin v27.3 - https:\/\/yoast.com\/product\/yoast-seo-wordpress\/ -->\n<title>Areas of practice - St-Amant &amp; Vien Avocats d\u2019affaires<\/title>\n<meta name=\"description\" content=\"We rely on a variety of expertise that, when combined, respond to the most diverse and complex needs and guide the most sensitive business decisions.\" \/>\n<meta name=\"robots\" content=\"index, follow, max-snippet:-1, max-image-preview:large, max-video-preview:-1\" \/>\n<link rel=\"canonical\" href=\"https:\/\/svavocats.com\/en\/areas-of-practice\/\" \/>\n<meta property=\"og:locale\" content=\"en_US\" \/>\n<meta property=\"og:type\" content=\"article\" \/>\n<meta property=\"og:title\" content=\"Areas of practice - St-Amant &amp; Vien Avocats d\u2019affaires\" \/>\n<meta property=\"og:description\" content=\"We rely on a variety of expertise that, when combined, respond to the most diverse and complex needs and guide the most sensitive business decisions.\" \/>\n<meta property=\"og:url\" content=\"https:\/\/svavocats.com\/en\/areas-of-practice\/\" \/>\n<meta property=\"og:site_name\" content=\"St-Amant &amp; Vien Avocats d\u2019affaires\" \/>\n<meta property=\"article:modified_time\" content=\"2025-07-10T19:37:05+00:00\" \/>\n<meta property=\"og:image\" content=\"https:\/\/svavocats.com\/wp-content\/uploads\/2021\/04\/logo-fb.jpg\" \/>\n\t<meta property=\"og:image:width\" content=\"1200\" \/>\n\t<meta property=\"og:image:height\" content=\"630\" \/>\n\t<meta property=\"og:image:type\" content=\"image\/jpeg\" \/>\n<meta name=\"twitter:card\" content=\"summary_large_image\" \/>\n<meta name=\"twitter:label1\" content=\"Est. reading time\" \/>\n\t<meta name=\"twitter:data1\" content=\"2 minutes\" \/>\n<script type=\"application\/ld+json\" class=\"yoast-schema-graph\">{\"@context\":\"https:\\\/\\\/schema.org\",\"@graph\":[{\"@type\":\"WebPage\",\"@id\":\"https:\\\/\\\/svavocats.com\\\/en\\\/areas-of-practice\\\/\",\"url\":\"https:\\\/\\\/svavocats.com\\\/en\\\/areas-of-practice\\\/\",\"name\":\"Areas of practice - St-Amant &amp; Vien Avocats d\u2019affaires\",\"isPartOf\":{\"@id\":\"https:\\\/\\\/svavocats.com\\\/#website\"},\"datePublished\":\"2021-04-07T20:48:03+00:00\",\"dateModified\":\"2025-07-10T19:37:05+00:00\",\"description\":\"We rely on a variety of expertise that, when combined, respond to the most diverse and complex needs and guide the most sensitive business decisions.\",\"breadcrumb\":{\"@id\":\"https:\\\/\\\/svavocats.com\\\/en\\\/areas-of-practice\\\/#breadcrumb\"},\"inLanguage\":\"en-US\",\"potentialAction\":[{\"@type\":\"ReadAction\",\"target\":[\"https:\\\/\\\/svavocats.com\\\/en\\\/areas-of-practice\\\/\"]}]},{\"@type\":\"BreadcrumbList\",\"@id\":\"https:\\\/\\\/svavocats.com\\\/en\\\/areas-of-practice\\\/#breadcrumb\",\"itemListElement\":[{\"@type\":\"ListItem\",\"position\":1,\"name\":\"Accueil\",\"item\":\"https:\\\/\\\/svavocats.com\\\/\"},{\"@type\":\"ListItem\",\"position\":2,\"name\":\"Areas of practice\"}]},{\"@type\":\"WebSite\",\"@id\":\"https:\\\/\\\/svavocats.com\\\/#website\",\"url\":\"https:\\\/\\\/svavocats.com\\\/\",\"name\":\"St-Amant &amp; Vien Avocats d\u2019affaires\",\"description\":\"Un cabinet canadien sp\u00e9cialis\u00e9 en droit des affaires bas\u00e9 au Qu\u00e9bec\",\"potentialAction\":[{\"@type\":\"SearchAction\",\"target\":{\"@type\":\"EntryPoint\",\"urlTemplate\":\"https:\\\/\\\/svavocats.com\\\/?s={search_term_string}\"},\"query-input\":{\"@type\":\"PropertyValueSpecification\",\"valueRequired\":true,\"valueName\":\"search_term_string\"}}],\"inLanguage\":\"en-US\"}]}<\/script>\n<!-- \/ Yoast SEO plugin. -->","yoast_head_json":{"title":"Areas of practice - St-Amant &amp; Vien Avocats d\u2019affaires","description":"We rely on a variety of expertise that, when combined, respond to the most diverse and complex needs and guide the most sensitive business decisions.","robots":{"index":"index","follow":"follow","max-snippet":"max-snippet:-1","max-image-preview":"max-image-preview:large","max-video-preview":"max-video-preview:-1"},"canonical":"https:\/\/svavocats.com\/en\/areas-of-practice\/","og_locale":"en_US","og_type":"article","og_title":"Areas of practice - St-Amant &amp; Vien Avocats d\u2019affaires","og_description":"We rely on a variety of expertise that, when combined, respond to the most diverse and complex needs and guide the most sensitive business decisions.","og_url":"https:\/\/svavocats.com\/en\/areas-of-practice\/","og_site_name":"St-Amant &amp; Vien Avocats d\u2019affaires","article_modified_time":"2025-07-10T19:37:05+00:00","og_image":[{"width":1200,"height":630,"url":"https:\/\/svavocats.com\/wp-content\/uploads\/2021\/04\/logo-fb.jpg","type":"image\/jpeg"}],"twitter_card":"summary_large_image","twitter_misc":{"Est. reading time":"2 minutes"},"schema":{"@context":"https:\/\/schema.org","@graph":[{"@type":"WebPage","@id":"https:\/\/svavocats.com\/en\/areas-of-practice\/","url":"https:\/\/svavocats.com\/en\/areas-of-practice\/","name":"Areas of practice - St-Amant &amp; Vien Avocats d\u2019affaires","isPartOf":{"@id":"https:\/\/svavocats.com\/#website"},"datePublished":"2021-04-07T20:48:03+00:00","dateModified":"2025-07-10T19:37:05+00:00","description":"We rely on a variety of expertise that, when combined, respond to the most diverse and complex needs and guide the most sensitive business decisions.","breadcrumb":{"@id":"https:\/\/svavocats.com\/en\/areas-of-practice\/#breadcrumb"},"inLanguage":"en-US","potentialAction":[{"@type":"ReadAction","target":["https:\/\/svavocats.com\/en\/areas-of-practice\/"]}]},{"@type":"BreadcrumbList","@id":"https:\/\/svavocats.com\/en\/areas-of-practice\/#breadcrumb","itemListElement":[{"@type":"ListItem","position":1,"name":"Accueil","item":"https:\/\/svavocats.com\/"},{"@type":"ListItem","position":2,"name":"Areas of practice"}]},{"@type":"WebSite","@id":"https:\/\/svavocats.com\/#website","url":"https:\/\/svavocats.com\/","name":"St-Amant &amp; Vien Avocats d\u2019affaires","description":"Un cabinet canadien sp\u00e9cialis\u00e9 en droit des affaires bas\u00e9 au Qu\u00e9bec","potentialAction":[{"@type":"SearchAction","target":{"@type":"EntryPoint","urlTemplate":"https:\/\/svavocats.com\/?s={search_term_string}"},"query-input":{"@type":"PropertyValueSpecification","valueRequired":true,"valueName":"search_term_string"}}],"inLanguage":"en-US"}]}},"_links":{"self":[{"href":"https:\/\/svavocats.com\/en\/wp-json\/wp\/v2\/pages\/237","targetHints":{"allow":["GET"]}}],"collection":[{"href":"https:\/\/svavocats.com\/en\/wp-json\/wp\/v2\/pages"}],"about":[{"href":"https:\/\/svavocats.com\/en\/wp-json\/wp\/v2\/types\/page"}],"author":[{"embeddable":true,"href":"https:\/\/svavocats.com\/en\/wp-json\/wp\/v2\/users\/2"}],"replies":[{"embeddable":true,"href":"https:\/\/svavocats.com\/en\/wp-json\/wp\/v2\/comments?post=237"}],"version-history":[{"count":14,"href":"https:\/\/svavocats.com\/en\/wp-json\/wp\/v2\/pages\/237\/revisions"}],"predecessor-version":[{"id":895,"href":"https:\/\/svavocats.com\/en\/wp-json\/wp\/v2\/pages\/237\/revisions\/895"}],"wp:attachment":[{"href":"https:\/\/svavocats.com\/en\/wp-json\/wp\/v2\/media?parent=237"}],"curies":[{"name":"wp","href":"https:\/\/api.w.org\/{rel}","templated":true}]}}