{"id":241,"date":"2021-04-07T20:53:07","date_gmt":"2021-04-07T20:53:07","guid":{"rendered":"https:\/\/svavocats.com\/?page_id=241"},"modified":"2025-07-10T19:38:48","modified_gmt":"2025-07-10T19:38:48","slug":"contact-us","status":"publish","type":"page","link":"https:\/\/svavocats.com\/en\/contact-us\/","title":{"rendered":"Contact Us"},"content":{"rendered":"<ul>\n<li>\n<p>46.7884,-71.2702<\/p>\n<h3>QUEBEC OFFICE<\/h3>\n<div>\n<p><span>824 Myrand Avenue<\/span><span>\u00a0<\/span><br \/><span>Qu\u00e9bec (Qu\u00e9bec) G1V 2V5<\/span><br \/><a href=\"tel:581 814-0774\" class=\"el-content uk-link-text\">Phone\/Fax : 581 814-0774<\/a><span><\/span><br \/><a href=\"mailto:info@svavocats.com\">Email : info@svavocats.com<\/a><\/p>\n<\/div>\n<\/li>\n<li>\n<p>45.4686,-73.5450<\/p>\n<h3>Montreal Office<\/h3>\n<div>\n<p><span>2 Place du Commerce<\/span><br \/><span>Suite 218<\/span><br \/><span>Montr\u00e9al (Qu\u00e9bec) H3E 1A1<\/span><br \/><a href=\"tel:581 814-0774\" class=\"el-content uk-link-text\">Phone\/Fax : 581 814-0774<\/a><span><\/span><br \/><a href=\"mailto:info@svavocats.com\">Email : info@svavocats.com<\/a><\/p>\n<\/div>\n<\/li>\n<li>\n<p>46.7884,-71.2701<\/p>\n<h3>S&#038;V Notaires<\/h3>\n<div>\n<p><span>824 Myrand Avenue<\/span><span>\u00a0<\/span><br \/><span>Qu\u00e9bec (Qu\u00e9bec) G1V 2V5<\/span><br \/><a href=\"tel:4186875454\">Phone:418 687-5454<\/a><br \/><a href=\"fax:4186870540\">Fax: 418 687-0540<\/a><br \/><a href=\"mailto:info@svnotaires.com\">Email: info@svnotaires.com<\/a><\/p>\n<\/div>\n<\/li>\n<\/ul>\n<div>\n<div class=\"caldera-grid\" id=\"caldera_form_1\" data-cf-ver=\"1.9.4\" data-cf-form-id=\"CF606eb16735b4b\"><div id=\"caldera_notices_1\" data-spinner=\"https:\/\/svavocats.com\/wp-admin\/images\/spinner.gif\"><\/div><form data-instance=\"1\" class=\"CF606eb16735b4b caldera_forms_form\" method=\"POST\" enctype=\"multipart\/form-data\" id=\"CF606eb16735b4b_1\" data-form-id=\"CF606eb16735b4b\" aria-label=\"Contact Us\">\r\n<input type=\"hidden\" id=\"_cf_verify_CF606eb16735b4b\" name=\"_cf_verify\" value=\"2786b8ad72\"  data-nonce-time=\"1777704548\" \/><input type=\"hidden\" name=\"_wp_http_referer\" value=\"\/en\/wp-json\/wp\/v2\/pages\/241\" \/><div id=\"cf2-CF606eb16735b4b_1\"><\/div><input type=\"hidden\" name=\"_cf_frm_id\" value=\"CF606eb16735b4b\">\r\n<input type=\"hidden\" name=\"_cf_frm_ct\" value=\"1\">\r\n<input type=\"hidden\" name=\"_cf_cr_pst\" value=\"241\">\r\n<div class=\"hide\" style=\"display:none; overflow:hidden;height:0;width:0;\">\r\n<label>Name<\/label><input type=\"text\" name=\"name\" value=\"\" autocomplete=\"off\">\r\n<\/div><div id=\"CF606eb16735b4b_1-row-1\"  class=\"row  first_row\"><div  class=\"col-sm-6  first_col\"><div data-field-wrapper=\"fld_7944947\" class=\"form-group\" id=\"fld_7944947_1-wrap\">\r\n\t<label id=\"fld_7944947Label\" for=\"fld_7944947_1\" class=\"control-label\">First Name <span aria-hidden=\"true\" role=\"presentation\" class=\"field_required\" style=\"color:#ee0000;\">*<\/span><\/label>\r\n\t<div class=\"\">\r\n\t\t<input   required type=\"text\" data-field=\"fld_7944947\" class=\" form-control\" id=\"fld_7944947_1\" name=\"fld_7944947\" value=\"\" data-type=\"text\" aria-required=\"true\"   aria-labelledby=\"fld_7944947Label\" >\t\t\t<\/div>\r\n<\/div>\r\n<div data-field-wrapper=\"fld_1169281\" class=\"form-group\" id=\"fld_1169281_1-wrap\">\r\n\t<label id=\"fld_1169281Label\" for=\"fld_1169281_1\" class=\"control-label\">Email <span aria-hidden=\"true\" role=\"presentation\" class=\"field_required\" style=\"color:#ee0000;\">*<\/span><\/label>\r\n\t<div class=\"\">\r\n\t\t<input   required type=\"email\" data-field=\"fld_1169281\" class=\" form-control\" id=\"fld_1169281_1\" name=\"fld_1169281\" value=\"\" data-type=\"email\" aria-required=\"true\"   aria-labelledby=\"fld_1169281Label\" >\t\t\t<\/div>\r\n<\/div>\r\n<\/div><div  class=\"col-sm-6  last_col\"><div data-field-wrapper=\"fld_3198916\" class=\"form-group\" id=\"fld_3198916_1-wrap\">\r\n\t<label id=\"fld_3198916Label\" for=\"fld_3198916_1\" class=\"control-label\">Last Name <span aria-hidden=\"true\" role=\"presentation\" class=\"field_required\" style=\"color:#ee0000;\">*<\/span><\/label>\r\n\t<div class=\"\">\r\n\t\t<input   required type=\"text\" data-field=\"fld_3198916\" class=\" form-control\" id=\"fld_3198916_1\" name=\"fld_3198916\" value=\"\" data-type=\"text\" aria-required=\"true\"   aria-labelledby=\"fld_3198916Label\" >\t\t\t<\/div>\r\n<\/div>\r\n<div data-field-wrapper=\"fld_2934177\" class=\"form-group\" id=\"fld_2934177_1-wrap\">\r\n\t<label id=\"fld_2934177Label\" for=\"fld_2934177_1\" class=\"control-label\">Phone<\/label>\r\n\t<div class=\"\">\r\n\t\t<input    type=\"text\" data-field=\"fld_2934177\" class=\" form-control\" id=\"fld_2934177_1\" name=\"fld_2934177\" value=\"\" data-type=\"text\"   aria-labelledby=\"fld_2934177Label\" >\t\t\t<\/div>\r\n<\/div>\r\n<\/div><\/div><div id=\"CF606eb16735b4b_1-row-2\"  class=\"row  last_row\"><div  class=\"col-sm-12  single\"><div data-field-wrapper=\"fld_7686653\" class=\"form-group\" id=\"fld_7686653_1-wrap\">\r\n\t<label id=\"fld_7686653Label\" for=\"fld_7686653_1\" class=\"control-label\">Message<\/label>\r\n\t<div class=\"\">\r\n\t\t<textarea name=\"fld_7686653\" value=\"\" data-field=\"fld_7686653\" class=\"form-control\" id=\"fld_7686653_1\" rows=\"4\"    aria-labelledby=\"fld_7686653Label\" ><\/textarea>\n\t\t\t<\/div>\r\n<\/div>\r\n<div data-field-wrapper=\"fld_2012022\" class=\"form-group\" id=\"fld_2012022_1-wrap\">\r\n<div class=\"\">\r\n\t<input  class=\"uk-button uk-button-default\" type=\"submit\" name=\"fld_2012022\" id=\"fld_2012022_1\" value=\"Send\" data-field=\"fld_2012022\"  >\n<\/div>\r\n<\/div>\r\n\t<input class=\"button_trigger_1\" type=\"hidden\" name=\"fld_2012022\" id=\"fld_2012022_1_btn\" value=\"\" data-field=\"fld_2012022\"  \/>\n<\/div><\/div><\/form>\r\n<\/div>\r\n<\/div>\n<h1>Contact Us<\/h1>\n<ul>\n<li>\n<h3>Quebec Office<\/h3>\n<div>\n<p><span>824 Myrand Avenue<\/span><span>\u00a0<\/span><br \/><span>Qu\u00e9bec (Qu\u00e9bec) G1V 2V5<\/span><br \/><a href=\"tel:581 814-0774\" class=\"el-content uk-link-text\">Phone\/Fax : 581 814-0774<\/a> <br \/><a href=\"mailto:info@svavocats.com\">Email : info@svavocats.com<\/a><\/p>\n<\/div>\n<\/li>\n<li>\n<h3>Montreal Office<\/h3>\n<div>\n<p>2 Place du Commerce<br \/> <br \/>\nSuite 218<br \/>\nMontr\u00e9al (Qu\u00e9bec) H3E 1A1<br \/><a href=\"tel:581 814-0774\" class=\"el-content uk-link-text\">Phone\/Fax : 581 814-0774<\/a> <br \/> <a href=\"mailto:info@svavocats.com\">Email : info@svavocats.com<\/a><\/p>\n<\/p><\/div>\n<\/li>\n<li>\n<h3>S&#038;V NOTAIRES<\/h3>\n<div>\n<p><span>824 Myrand Avenue<\/span><span>\u00a0<\/span><br \/><span>Qu\u00e9bec (Qu\u00e9bec) G1V 2V5<\/span><br \/><a href=\"tel:4186875454\">Phone:418 687-5454<\/a><br \/><a href=\"fax:4186870540\">Fax: 418 687-0540<\/a><br \/><a href=\"mailto:info@svnotaires.com\">Email: info@svnotaires.com<\/a><\/p>\n<\/div>\n<\/li>\n<li>\n<p><img decoding=\"async\" src=\"\/wp-content\/uploads\/2025\/06\/aea-internationallawyersnetwork.png\" alt=\"INTERNATIONAL LAWYERS NETWORK\"><\/p>\n<\/li>\n<\/ul>\n<p><!--more--><br \/>\n<!-- {\"name\":\"nousjoindre\",\"type\":\"layout\",\"children\":[{\"name\":\"Contact\",\"type\":\"section\",\"props\":{\"image_position\":\"center-center\",\"padding_remove_top\":true,\"style\":\"default\",\"title_breakpoint\":\"xl\",\"title_position\":\"top-left\",\"title_rotation\":\"left\",\"vertical_align\":\"\",\"width\":\"\"},\"children\":[{\"type\":\"row\",\"props\":{\"column_gap\":\"collapse\",\"layout\":\"2-3,1-3\",\"row_gap\":\"collapse\"},\"children\":[{\"type\":\"column\",\"props\":{\"image_position\":\"center-center\",\"position_sticky_breakpoint\":\"m\",\"width_large\":\"2-3\",\"width_medium\":\"2-3\"},\"children\":[{\"type\":\"map\",\"props\":{\"animation\":\"none\",\"clustering\":false,\"controls\":true,\"dragging\":true,\"height\":\"480\",\"image_svg_color\":\"emphasis\",\"link_fullwidth\":false,\"link_style\":\"default\",\"link_text\":\"Read more\",\"margin\":\"default\",\"max_zoom\":\"18\",\"meta_align\":\"below-title\",\"meta_element\":\"div\",\"meta_style\":\"text-meta\",\"min_zoom\":\"6\",\"parallax_end\":\"70vh + 70%\",\"parallax_y\":\"30,0\",\"poi\":false,\"show_content\":true,\"show_image\":true,\"show_link\":true,\"show_meta\":true,\"show_title\":true,\"styler_gamma\":\"2\",\"styler_hue\":\"rgb(255, 255, 255)\",\"styler_lightness\":\"-10\",\"styler_saturation\":\"-59\",\"title_element\":\"h3\",\"title_hover_style\":\"reset\",\"type\":\"roadmap\",\"zoom\":\"5\",\"zooming\":true},\"children\":[{\"type\":\"map_item\",\"props\":{\"content\":\"\n\n<p><span>824 Myrand Avenue<\\\/span><span>\\u00a0<\\\/span><br \\\/><span>Qu\\u00e9bec (Qu\\u00e9bec) G1V 2V5<\\\/span><br \\\/><a href=\\\"tel:581 814-0774\\\" class=\\\"el-content uk-link-text\\\">Phone\\\/Fax : 581 814-0774<\\\/a><span><\\\/span><br \\\/><a href=\\\"mailto:info@svavocats.com\\\">Email : info@svavocats.com<\\\/a><\\\/p>\",\"hide\":false,\"location\":\"46.7884,-71.2702\",\"show_popup\":false,\"title\":\"QUEBEC OFFICE\"}},{\"type\":\"map_item\",\"props\":{\"content\":\"\n\n<p><span>2 Place du Commerce<\\\/span><br \\\/><span>Suite 218<\\\/span><br \\\/><span>Montr\\u00e9al (Qu\\u00e9bec) H3E 1A1<\\\/span><br \\\/><a href=\\\"tel:581 814-0774\\\" class=\\\"el-content uk-link-text\\\">Phone\\\/Fax : 581 814-0774<\\\/a><span><\\\/span><br \\\/><a href=\\\"mailto:info@svavocats.com\\\">Email : info@svavocats.com<\\\/a><\\\/p>\",\"hide\":false,\"location\":\"45.4686,-73.5450\",\"show_popup\":false,\"title\":\"Montreal Office\"}},{\"type\":\"map_item\",\"props\":{\"content\":\"\n\n<p><span>824 Myrand Avenue<\\\/span><span>\\u00a0<\\\/span><br \\\/><span>Qu\\u00e9bec (Qu\\u00e9bec) G1V 2V5<\\\/span><br \\\/><a href=\\\"tel:4186875454\\\">Phone:418 687-5454<\\\/a><br \\\/><a href=\\\"fax:4186870540\\\">Fax: 418 687-0540<\\\/a><br \\\/><a href=\\\"mailto:info@svnotaires.com\\\">Email: info@svnotaires.com<\\\/a><\\\/p>\",\"hide\":false,\"location\":\"46.7884,-71.2701\",\"show_popup\":false,\"title\":\"S&V Notaires\"}}]}]},{\"type\":\"column\",\"props\":{\"image_position\":\"center-center\",\"position_sticky_breakpoint\":\"m\",\"preserve_color\":false,\"style\":\"tile-muted\",\"vertical_align\":\"middle\",\"width_large\":\"1-3\",\"width_medium\":\"1-3\"},\"children\":[{\"type\":\"html\",\"props\":{\"content\":\"[caldera_form id=\\\"CF606eb16735b4b\\\"]\"}}]}]}]},{\"type\":\"section\",\"props\":{\"animation\":\"fade\",\"animation_delay\":\"200\",\"image_position\":\"center-center\",\"padding\":\"small\",\"style\":\"default\",\"title_breakpoint\":\"xl\",\"title_position\":\"top-left\",\"title_rotation\":\"left\",\"vertical_align\":\"middle\",\"width\":\"default\"},\"children\":[{\"type\":\"row\",\"children\":[{\"type\":\"column\",\"props\":{\"image_position\":\"center-center\",\"position_sticky_breakpoint\":\"m\"},\"children\":[{\"type\":\"headline\",\"props\":{\"animation\":\"slide-left-small\",\"content\":\"Contact Us\",\"text_align\":\"left\",\"text_align_breakpoint\":\"m\",\"text_align_fallback\":\"center\",\"title_decoration\":\"line\",\"title_element\":\"h1\",\"title_style\":\"heading-small\"},\"modified\":\"2021-04-08T07:26:17.459Z\",\"name\":\"Headline Footer English\"},{\"type\":\"grid\",\"props\":{\"content_column_breakpoint\":\"m\",\"filter_align\":\"left\",\"filter_all\":true,\"filter_grid_breakpoint\":\"m\",\"filter_grid_width\":\"auto\",\"filter_position\":\"top\",\"filter_style\":\"tab\",\"grid_default\":\"1\",\"grid_medium\":\"2\",\"icon_width\":80,\"image_align\":\"top\",\"image_grid_breakpoint\":\"m\",\"image_grid_width\":\"1-2\",\"image_svg_color\":\"emphasis\",\"item_animation\":true,\"link_style\":\"default\",\"link_text\":\"Read more\",\"margin\":\"default\",\"meta_align\":\"below-title\",\"meta_element\":\"div\",\"meta_style\":\"text-meta\",\"parallax_easing\":\"1\",\"show_content\":true,\"show_image\":true,\"show_link\":true,\"show_meta\":true,\"show_title\":true,\"text_align\":\"left\",\"text_align_breakpoint\":\"m\",\"text_align_fallback\":\"center\",\"title_align\":\"top\",\"title_element\":\"h3\",\"title_grid_breakpoint\":\"m\",\"title_grid_width\":\"1-2\",\"title_hover_style\":\"reset\"},\"children\":[{\"type\":\"grid_item\",\"props\":{\"content\":\"\n\n<p><span>824 Myrand Avenue<\\\/span><span>\\u00a0<\\\/span><br \\\/><span>Qu\\u00e9bec (Qu\\u00e9bec) G1V 2V5<\\\/span><br \\\/><a href=\\\"tel:581 814-0774\\\" class=\\\"el-content uk-link-text\\\">Phone\\\/Fax : 581 814-0774<\\\/a> <br \\\/><a href=\\\"mailto:info@svavocats.com\\\">Email : info@svavocats.com<\\\/a><\\\/p>\",\"title\":\"Quebec Office\"}},{\"type\":\"grid_item\",\"props\":{\"content\":\"\n\n<p>2 Place du Commerce<br \/> \\nSuite 218<br \/>\\nMontr\\u00e9al (Qu\\u00e9bec) H3E 1A1<br \/><a href=\\\"tel:581 814-0774\\\" class=\\\"el-content uk-link-text\\\">Phone\\\/Fax : 581 814-0774<\\\/a> <br \/> <a href=\\\"mailto:info@svavocats.com\\\">Email : info@svavocats.com<\\\/a><\\\/p>\\n       \",\"title\":\"Montreal Office\"}},{\"type\":\"grid_item\",\"props\":{\"content\":\"\n\n<p><span>824 Myrand Avenue<\\\/span><span>\\u00a0<\\\/span><br \\\/><span>Qu\\u00e9bec (Qu\\u00e9bec) G1V 2V5<\\\/span><br \\\/><a href=\\\"tel:4186875454\\\">Phone:418 687-5454<\\\/a><br \\\/><a href=\\\"fax:4186870540\\\">Fax: 418 687-0540<\\\/a><br \\\/><a href=\\\"mailto:info@svnotaires.com\\\">Email: info@svnotaires.com<\\\/a><\\\/p>\",\"title\":\"S&V NOTAIRES\"}},{\"type\":\"grid_item\",\"props\":{\"image\":\"wp-content\\\/uploads\\\/2025\\\/06\\\/aea-internationallawyersnetwork.png\",\"image_alt\":\"INTERNATIONAL LAWYERS NETWORK\"}}],\"modified\":\"2021-04-08T07:26:27.777Z\",\"name\":\"Grid Footer English\"}]}]}]}],\"version\":\"4.3.10\"} --><\/p>\n","protected":false},"excerpt":{"rendered":"<p>46.7884,-71.2702 QUEBEC OFFICE 824 Myrand Avenue\u00a0Qu\u00e9bec (Qu\u00e9bec) G1V 2V5Phone\/Fax : 581 814-0774Email : info@svavocats.com 45.4686,-73.5450 Montreal Office 2 Place du CommerceSuite 218Montr\u00e9al (Qu\u00e9bec) H3E 1A1Phone\/Fax : 581 814-0774Email : info@svavocats.com 46.7884,-71.2701 S&#038;V Notaires 824 Myrand Avenue\u00a0Qu\u00e9bec (Qu\u00e9bec) G1V 2V5Phone:418 687-5454Fax: 418 687-0540Email: info@svnotaires.com Contact Us Quebec Office 824 Myrand Avenue\u00a0Qu\u00e9bec (Qu\u00e9bec) G1V 2V5Phone\/Fax : 581 [&hellip;]<\/p>\n","protected":false},"author":2,"featured_media":0,"parent":0,"menu_order":0,"comment_status":"closed","ping_status":"closed","template":"","meta":{"footnotes":""},"class_list":["post-241","page","type-page","status-publish","hentry"],"yoast_head":"<!-- This site is optimized with the Yoast SEO plugin v27.4 - https:\/\/yoast.com\/product\/yoast-seo-wordpress\/ -->\n<title>Contact Us - St-Amant &amp; Vien Avocats d\u2019affaires<\/title>\n<meta name=\"robots\" content=\"index, follow, max-snippet:-1, max-image-preview:large, max-video-preview:-1\" \/>\n<link rel=\"canonical\" href=\"https:\/\/svavocats.com\/en\/contact-us\/\" \/>\n<meta property=\"og:locale\" content=\"en_US\" \/>\n<meta property=\"og:type\" content=\"article\" \/>\n<meta property=\"og:title\" content=\"Contact Us - St-Amant &amp; Vien Avocats d\u2019affaires\" \/>\n<meta property=\"og:description\" content=\"46.7884,-71.2702 QUEBEC OFFICE 824 Myrand Avenue\u00a0Qu\u00e9bec (Qu\u00e9bec) G1V 2V5Phone\/Fax : 581 814-0774Email : info@svavocats.com 45.4686,-73.5450 Montreal Office 2 Place du CommerceSuite 218Montr\u00e9al (Qu\u00e9bec) H3E 1A1Phone\/Fax : 581 814-0774Email : info@svavocats.com 46.7884,-71.2701 S&#038;V Notaires 824 Myrand Avenue\u00a0Qu\u00e9bec (Qu\u00e9bec) G1V 2V5Phone:418 687-5454Fax: 418 687-0540Email: info@svnotaires.com Contact Us Quebec Office 824 Myrand Avenue\u00a0Qu\u00e9bec (Qu\u00e9bec) G1V 2V5Phone\/Fax : 581 [&hellip;]\" \/>\n<meta property=\"og:url\" content=\"https:\/\/svavocats.com\/en\/contact-us\/\" \/>\n<meta property=\"og:site_name\" content=\"St-Amant &amp; Vien Avocats d\u2019affaires\" \/>\n<meta property=\"article:modified_time\" content=\"2025-07-10T19:38:48+00:00\" \/>\n<meta property=\"og:image\" content=\"https:\/\/svavocats.com\/wp-content\/uploads\/2021\/04\/logo-fb.jpg\" \/>\n\t<meta property=\"og:image:width\" content=\"1200\" \/>\n\t<meta property=\"og:image:height\" content=\"630\" \/>\n\t<meta property=\"og:image:type\" content=\"image\/jpeg\" \/>\n<meta name=\"twitter:card\" content=\"summary_large_image\" \/>\n<meta name=\"twitter:label1\" content=\"Est. reading time\" \/>\n\t<meta name=\"twitter:data1\" content=\"1 minute\" \/>\n<script type=\"application\/ld+json\" class=\"yoast-schema-graph\">{\"@context\":\"https:\\\/\\\/schema.org\",\"@graph\":[{\"@type\":\"WebPage\",\"@id\":\"https:\\\/\\\/svavocats.com\\\/en\\\/contact-us\\\/\",\"url\":\"https:\\\/\\\/svavocats.com\\\/en\\\/contact-us\\\/\",\"name\":\"Contact Us - St-Amant &amp; Vien Avocats d\u2019affaires\",\"isPartOf\":{\"@id\":\"https:\\\/\\\/svavocats.com\\\/#website\"},\"datePublished\":\"2021-04-07T20:53:07+00:00\",\"dateModified\":\"2025-07-10T19:38:48+00:00\",\"breadcrumb\":{\"@id\":\"https:\\\/\\\/svavocats.com\\\/en\\\/contact-us\\\/#breadcrumb\"},\"inLanguage\":\"en-US\",\"potentialAction\":[{\"@type\":\"ReadAction\",\"target\":[\"https:\\\/\\\/svavocats.com\\\/en\\\/contact-us\\\/\"]}]},{\"@type\":\"BreadcrumbList\",\"@id\":\"https:\\\/\\\/svavocats.com\\\/en\\\/contact-us\\\/#breadcrumb\",\"itemListElement\":[{\"@type\":\"ListItem\",\"position\":1,\"name\":\"Accueil\",\"item\":\"https:\\\/\\\/svavocats.com\\\/\"},{\"@type\":\"ListItem\",\"position\":2,\"name\":\"Contact Us\"}]},{\"@type\":\"WebSite\",\"@id\":\"https:\\\/\\\/svavocats.com\\\/#website\",\"url\":\"https:\\\/\\\/svavocats.com\\\/\",\"name\":\"St-Amant &amp; Vien Avocats d\u2019affaires\",\"description\":\"Un cabinet canadien sp\u00e9cialis\u00e9 en droit des affaires bas\u00e9 au Qu\u00e9bec\",\"potentialAction\":[{\"@type\":\"SearchAction\",\"target\":{\"@type\":\"EntryPoint\",\"urlTemplate\":\"https:\\\/\\\/svavocats.com\\\/?s={search_term_string}\"},\"query-input\":{\"@type\":\"PropertyValueSpecification\",\"valueRequired\":true,\"valueName\":\"search_term_string\"}}],\"inLanguage\":\"en-US\"}]}<\/script>\n<!-- \/ Yoast SEO plugin. -->","yoast_head_json":{"title":"Contact Us - St-Amant &amp; Vien Avocats d\u2019affaires","robots":{"index":"index","follow":"follow","max-snippet":"max-snippet:-1","max-image-preview":"max-image-preview:large","max-video-preview":"max-video-preview:-1"},"canonical":"https:\/\/svavocats.com\/en\/contact-us\/","og_locale":"en_US","og_type":"article","og_title":"Contact Us - St-Amant &amp; Vien Avocats d\u2019affaires","og_description":"46.7884,-71.2702 QUEBEC OFFICE 824 Myrand Avenue\u00a0Qu\u00e9bec (Qu\u00e9bec) G1V 2V5Phone\/Fax : 581 814-0774Email : info@svavocats.com 45.4686,-73.5450 Montreal Office 2 Place du CommerceSuite 218Montr\u00e9al (Qu\u00e9bec) H3E 1A1Phone\/Fax : 581 814-0774Email : info@svavocats.com 46.7884,-71.2701 S&#038;V Notaires 824 Myrand Avenue\u00a0Qu\u00e9bec (Qu\u00e9bec) G1V 2V5Phone:418 687-5454Fax: 418 687-0540Email: info@svnotaires.com Contact Us Quebec Office 824 Myrand Avenue\u00a0Qu\u00e9bec (Qu\u00e9bec) G1V 2V5Phone\/Fax : 581 [&hellip;]","og_url":"https:\/\/svavocats.com\/en\/contact-us\/","og_site_name":"St-Amant &amp; Vien Avocats d\u2019affaires","article_modified_time":"2025-07-10T19:38:48+00:00","og_image":[{"width":1200,"height":630,"url":"https:\/\/svavocats.com\/wp-content\/uploads\/2021\/04\/logo-fb.jpg","type":"image\/jpeg"}],"twitter_card":"summary_large_image","twitter_misc":{"Est. reading time":"1 minute"},"schema":{"@context":"https:\/\/schema.org","@graph":[{"@type":"WebPage","@id":"https:\/\/svavocats.com\/en\/contact-us\/","url":"https:\/\/svavocats.com\/en\/contact-us\/","name":"Contact Us - St-Amant &amp; Vien Avocats d\u2019affaires","isPartOf":{"@id":"https:\/\/svavocats.com\/#website"},"datePublished":"2021-04-07T20:53:07+00:00","dateModified":"2025-07-10T19:38:48+00:00","breadcrumb":{"@id":"https:\/\/svavocats.com\/en\/contact-us\/#breadcrumb"},"inLanguage":"en-US","potentialAction":[{"@type":"ReadAction","target":["https:\/\/svavocats.com\/en\/contact-us\/"]}]},{"@type":"BreadcrumbList","@id":"https:\/\/svavocats.com\/en\/contact-us\/#breadcrumb","itemListElement":[{"@type":"ListItem","position":1,"name":"Accueil","item":"https:\/\/svavocats.com\/"},{"@type":"ListItem","position":2,"name":"Contact Us"}]},{"@type":"WebSite","@id":"https:\/\/svavocats.com\/#website","url":"https:\/\/svavocats.com\/","name":"St-Amant &amp; Vien Avocats d\u2019affaires","description":"Un cabinet canadien sp\u00e9cialis\u00e9 en droit des affaires bas\u00e9 au Qu\u00e9bec","potentialAction":[{"@type":"SearchAction","target":{"@type":"EntryPoint","urlTemplate":"https:\/\/svavocats.com\/?s={search_term_string}"},"query-input":{"@type":"PropertyValueSpecification","valueRequired":true,"valueName":"search_term_string"}}],"inLanguage":"en-US"}]}},"_links":{"self":[{"href":"https:\/\/svavocats.com\/en\/wp-json\/wp\/v2\/pages\/241","targetHints":{"allow":["GET"]}}],"collection":[{"href":"https:\/\/svavocats.com\/en\/wp-json\/wp\/v2\/pages"}],"about":[{"href":"https:\/\/svavocats.com\/en\/wp-json\/wp\/v2\/types\/page"}],"author":[{"embeddable":true,"href":"https:\/\/svavocats.com\/en\/wp-json\/wp\/v2\/users\/2"}],"replies":[{"embeddable":true,"href":"https:\/\/svavocats.com\/en\/wp-json\/wp\/v2\/comments?post=241"}],"version-history":[{"count":17,"href":"https:\/\/svavocats.com\/en\/wp-json\/wp\/v2\/pages\/241\/revisions"}],"predecessor-version":[{"id":898,"href":"https:\/\/svavocats.com\/en\/wp-json\/wp\/v2\/pages\/241\/revisions\/898"}],"wp:attachment":[{"href":"https:\/\/svavocats.com\/en\/wp-json\/wp\/v2\/media?parent=241"}],"curies":[{"name":"wp","href":"https:\/\/api.w.org\/{rel}","templated":true}]}}