{"id":248,"date":"2021-04-07T20:55:22","date_gmt":"2021-04-07T20:55:22","guid":{"rendered":"https:\/\/svavocats.com\/?page_id=248"},"modified":"2025-07-10T19:39:20","modified_gmt":"2025-07-10T19:39:20","slug":"intellectual-property","status":"publish","type":"page","link":"https:\/\/svavocats.com\/en\/intellectual-property\/","title":{"rendered":"Intellectual Property"},"content":{"rendered":"<h1>Intellectual Property<\/h1>\n<div>St-Amant &amp; Vien Avocats d\u2019affaires provides an array of advice on matters relating to<br \/>\nintellectual property (IP) to help maximize the commercial value of your company. In<br \/>\naddition to managing your IP portfolio, our expertise also covers registering, licensing<br \/>\nand selling IP rights as part of technology transfer operations. Our IP team is made up of<br \/>\ntrademark agents duly authorized to practice before the Canadian Intellectual Property<br \/>\nOffice (CIPO) and the United States Patent and Trademark Office (USPTO). Regulatory<br \/>\nframeworks differ from country to country, and in this regard, we have forged essential<br \/>\nrelationships with IP professionals around the world to support our work with our clients.<\/div>\n<ul>\n<li>\n<div>Trademark availability searches and reports<\/div>\n<\/li>\n<li>\n<div>Trademark application preparation, processing and filing<\/div>\n<\/li>\n<li>\n<div>Trademark portfolio management<\/div>\n<\/li>\n<li>\n<div>Trademark expungement and opposition proceedings<\/div>\n<\/li>\n<li>\n<div>Preparation and filing of copyright applications<\/div>\n<\/li>\n<li>\n<div>Preparation, filing and processing of industrial design applications<\/div>\n<\/li>\n<li>\n<div>Drafting, filing and processing of Plant breeders\u2019 right certificates with Agriculture Canada<\/div>\n<\/li>\n<li>\n<div>Preparation and filing of integrated circuit topography applications<\/div>\n<\/li>\n<li>\n<div>Advice on patent matters<\/div>\n<\/li>\n<li>\n<div>Internet and e-commerce \u2013 general terms and conditions of sale, terms of use and privacy policy\n<\/div>\n<\/li>\n<li>\n<div>Counterfeiting, unfair competition and passing-off<\/div>\n<\/li>\n<li>\n<div>Drafting of IP licensing and assignment agreements<\/div>\n<\/li>\n<li>\n<div>Drafting of confidentiality and non-disclosure agreements (NDAs)<\/div>\n<\/li>\n<li>\n<div>Drafting of collaborative research and technology development agreements<\/div>\n<\/li>\n<li>\n<div>Drafting of original equipment manufacturer (OEM) agreements<\/div>\n<\/li>\n<li>\n<div>IP protection strategy that includes the know-how<\/div>\n<\/li>\n<li>\n<div>IP due diligence<\/div>\n<\/li>\n<li>\n<div>Signage \u2013 Charter of the French language<\/div>\n<\/li>\n<li>\n<div>Trade names<\/div>\n<\/li>\n<\/ul>\n<h2>Contact Us<\/h2>\n<ul>\n<li>\n<h3>Quebec Office<\/h3>\n<div>\n<p><span>824 avenue Myrand<\/span><span>\u00a0<\/span><br \/><span>Qu\u00e9bec (Qu\u00e9bec) G1V 2V5<\/span><br \/><a href=\"tel:581 814-0774\" class=\"el-content uk-link-text\">Phone\/Fax : 581 814-0774<\/a> <br \/><a href=\"mailto:info@svavocats.com\">Email : info@svavocats.com<\/a><\/p>\n<\/div>\n<\/li>\n<li>\n<h3>Montreal Office<\/h3>\n<div>\n<p>550 ch. du Golf,<br \/> bureau 202,<br \/>Montr\u00e9al (Qu\u00e9bec) H3E 1A2<br \/><a href=\"tel:581 814-0774\" class=\"el-content uk-link-text\">Phone\/Fax : 581 814-0774<\/a> <br \/> <a href=\"mailto:info@svavocats.com\">Email : info@svavocats.com<\/a><\/p>\n<\/p><\/div>\n<\/li>\n<li>\n<h3>S&#038;V Notaires<\/h3>\n<div>\n<p><span>824 Myrand Avenue<\/span><span>\u00a0<\/span><br \/><span>Qu\u00e9bec (Qu\u00e9bec) G1V 2V5<\/span><br \/><a href=\"tel:4186875454\">Tel.:418 687-5454<\/a><br \/><a href=\"fax:4186870540\">Fax: 418 687-0540<\/a><br \/><a href=\"mailto:info@svnotaires.com\">Email: info@svnotaires.com<\/a><\/p>\n<\/div>\n<\/li>\n<li>\n<p><img decoding=\"async\" src=\"\/wp-content\/uploads\/2025\/06\/aea-internationallawyersnetwork.png\" alt=\"INTERNATIONAL LAWYERS NETWORK\"><\/p>\n<\/li>\n<\/ul>\n<p><!--more--><br \/>\n<!-- {\"name\":\"PI\",\"type\":\"layout\",\"children\":[{\"type\":\"section\",\"props\":{\"class\":\"no-pad-section\",\"header_transparent\":true,\"header_transparent_noplaceholder\":false,\"header_transparent_text_color\":\"dark\",\"image_position\":\"top-center\",\"image_size\":\"cover\",\"padding_remove_top\":false,\"style\":\"muted\",\"title_breakpoint\":\"xl\",\"title_position\":\"top-left\",\"title_rotation\":\"left\",\"vertical_align\":\"middle\",\"width\":\"default\"},\"children\":[{\"type\":\"row\",\"children\":[{\"type\":\"column\",\"props\":{\"image_position\":\"center-center\",\"position_sticky_breakpoint\":\"m\"}}]}]},{\"type\":\"section\",\"props\":{\"header_transparent\":true,\"header_transparent_noplaceholder\":false,\"header_transparent_text_color\":\"dark\",\"image\":\"wp-content\\\/uploads\\\/2022\\\/10\\\/71948-SV-Notaires-St-Amant-Vien-Site-Web-V2-15-6.png\",\"image_position\":\"top-center\",\"image_size\":\"cover\",\"padding_remove_top\":false,\"style\":\"muted\",\"title_breakpoint\":\"xl\",\"title_position\":\"top-left\",\"title_rotation\":\"left\",\"vertical_align\":\"middle\",\"width\":\"default\"},\"children\":[{\"type\":\"row\",\"children\":[{\"type\":\"column\",\"props\":{\"image_position\":\"center-center\",\"position_sticky_breakpoint\":\"m\"},\"children\":[{\"type\":\"headline\",\"props\":{\"content\":\"Intellectual Property\",\"title_decoration\":\"line\",\"title_element\":\"h1\",\"title_style\":\"h1\"}},{\"type\":\"text\",\"props\":{\"column_breakpoint\":\"m\",\"content\":\"St-Amant &amp; Vien Avocats d\\u2019affaires provides an array of advice on matters relating to\\nintellectual property (IP) to help maximize the commercial value of your company. In\\naddition to managing your IP portfolio, our expertise also covers registering, licensing\\nand selling IP rights as part of technology transfer operations. Our IP team is made up of\\ntrademark agents duly authorized to practice before the Canadian Intellectual Property\\nOffice (CIPO) and the United States Patent and Trademark Office (USPTO). Regulatory\\nframeworks differ from country to country, and in this regard, we have forged essential\\nrelationships with IP professionals around the world to support our work with our clients.\",\"margin\":\"default\",\"text_align\":\"justify\"}},{\"type\":\"list\",\"props\":{\"column\":\"1-2\",\"column_breakpoint\":\"m\",\"content_style\":\"text-bold\",\"image_align\":\"left\",\"image_svg_color\":\"emphasis\",\"image_vertical_align\":true,\"list_element\":\"ul\",\"list_horizontal_separator\":\", \",\"list_marker\":\"square\",\"list_marker_color\":\"secondary\",\"list_size\":\"large\",\"list_type\":\"vertical\",\"show_image\":true,\"show_link\":true},\"children\":[{\"type\":\"list_item\",\"props\":{\"content\":\"Trademark availability searches and reports\"}},{\"type\":\"list_item\",\"props\":{\"content\":\"Trademark application preparation, processing and filing\"}},{\"type\":\"list_item\",\"props\":{\"content\":\"Trademark portfolio management\"}},{\"type\":\"list_item\",\"props\":{\"content\":\"Trademark expungement and opposition proceedings\"}},{\"type\":\"list_item\",\"props\":{\"content\":\"Preparation and filing of copyright applications\"}},{\"type\":\"list_item\",\"props\":{\"content\":\"Preparation, filing and processing of industrial design applications\"}},{\"type\":\"list_item\",\"props\":{\"content\":\"Drafting, filing and processing of Plant breeders\\u2019 right certificates with Agriculture Canada\"}},{\"type\":\"list_item\",\"props\":{\"content\":\"Preparation and filing of integrated circuit topography applications\"}},{\"type\":\"list_item\",\"props\":{\"content\":\"Advice on patent matters\"}},{\"type\":\"list_item\",\"props\":{\"content\":\"Internet and e-commerce \\u2013 general terms and conditions of sale, terms of use and privacy policy\\n\"}},{\"type\":\"list_item\",\"props\":{\"content\":\"Counterfeiting, unfair competition and passing-off\"}},{\"type\":\"list_item\",\"props\":{\"content\":\"Drafting of IP licensing and assignment agreements\"}},{\"type\":\"list_item\",\"props\":{\"content\":\"Drafting of confidentiality and non-disclosure agreements (NDAs)\"}},{\"type\":\"list_item\",\"props\":{\"content\":\"Drafting of collaborative research and technology development agreements\"}},{\"type\":\"list_item\",\"props\":{\"content\":\"Drafting of original equipment manufacturer (OEM) agreements\"}},{\"type\":\"list_item\",\"props\":{\"content\":\"IP protection strategy that includes the know-how\"}},{\"type\":\"list_item\",\"props\":{\"content\":\"IP due diligence\"}},{\"type\":\"list_item\",\"props\":{\"content\":\"Signage \\u2013 Charter of the French language\"}},{\"type\":\"list_item\",\"props\":{\"content\":\"Trade names\"}}]}]}]}]},{\"type\":\"section\",\"props\":{\"animation\":\"fade\",\"animation_delay\":\"200\",\"image_position\":\"center-center\",\"padding\":\"small\",\"style\":\"default\",\"title_breakpoint\":\"xl\",\"title_position\":\"top-left\",\"title_rotation\":\"left\",\"vertical_align\":\"middle\",\"width\":\"default\"},\"children\":[{\"type\":\"row\",\"children\":[{\"type\":\"column\",\"props\":{\"image_position\":\"center-center\",\"position_sticky_breakpoint\":\"m\"},\"children\":[{\"type\":\"headline\",\"props\":{\"animation\":\"slide-left-small\",\"content\":\"Contact Us\",\"text_align\":\"left\",\"text_align_breakpoint\":\"m\",\"text_align_fallback\":\"center\",\"title_decoration\":\"line\",\"title_element\":\"h2\",\"title_style\":\"heading-small\"},\"modified\":\"2021-04-08T07:26:17.459Z\",\"name\":\"Headline Footer English\"},{\"type\":\"grid\",\"props\":{\"content_column_breakpoint\":\"m\",\"filter_align\":\"left\",\"filter_all\":true,\"filter_grid_breakpoint\":\"m\",\"filter_grid_width\":\"auto\",\"filter_position\":\"top\",\"filter_style\":\"tab\",\"grid_default\":\"1\",\"grid_medium\":\"2\",\"icon_width\":80,\"image_align\":\"top\",\"image_grid_breakpoint\":\"m\",\"image_grid_width\":\"1-2\",\"image_svg_color\":\"emphasis\",\"item_animation\":true,\"link_style\":\"default\",\"link_text\":\"Read more\",\"margin\":\"default\",\"meta_align\":\"below-title\",\"meta_element\":\"div\",\"meta_style\":\"text-meta\",\"parallax_easing\":\"1\",\"show_content\":true,\"show_image\":true,\"show_link\":true,\"show_meta\":true,\"show_title\":true,\"text_align\":\"left\",\"text_align_breakpoint\":\"m\",\"text_align_fallback\":\"center\",\"title_align\":\"top\",\"title_element\":\"h3\",\"title_grid_breakpoint\":\"m\",\"title_grid_width\":\"1-2\",\"title_hover_style\":\"reset\"},\"children\":[{\"type\":\"grid_item\",\"props\":{\"content\":\"\n\n<p><span>824 avenue Myrand<\\\/span><span>\\u00a0<\\\/span><br \\\/><span>Qu\\u00e9bec (Qu\\u00e9bec) G1V 2V5<\\\/span><br \\\/><a href=\\\"tel:581 814-0774\\\" class=\\\"el-content uk-link-text\\\">Phone\\\/Fax : 581 814-0774<\\\/a> <br \\\/><a href=\\\"mailto:info@svavocats.com\\\">Email : info@svavocats.com<\\\/a><\\\/p>\",\"title\":\"Quebec Office\"}},{\"type\":\"grid_item\",\"props\":{\"content\":\"\n\n<p>550 ch. du Golf,<br \/> bureau 202,<br \/>Montr\\u00e9al (Qu\\u00e9bec) H3E 1A2<br \/><a href=\\\"tel:581 814-0774\\\" class=\\\"el-content uk-link-text\\\">Phone\\\/Fax : 581 814-0774<\\\/a> <br \/> <a href=\\\"mailto:info@svavocats.com\\\">Email : info@svavocats.com<\\\/a><\\\/p>\\n       \",\"title\":\"Montreal Office\"}},{\"type\":\"grid_item\",\"props\":{\"content\":\"\n\n<p><span>824 Myrand Avenue<\\\/span><span>\\u00a0<\\\/span><br \\\/><span>Qu\\u00e9bec (Qu\\u00e9bec) G1V 2V5<\\\/span><br \\\/><a href=\\\"tel:4186875454\\\">Tel.:418 687-5454<\\\/a><br \\\/><a href=\\\"fax:4186870540\\\">Fax: 418 687-0540<\\\/a><br \\\/><a href=\\\"mailto:info@svnotaires.com\\\">Email: info@svnotaires.com<\\\/a><\\\/p>\",\"title\":\"S&V Notaires\"}},{\"type\":\"grid_item\",\"props\":{\"image\":\"wp-content\\\/uploads\\\/2025\\\/06\\\/aea-internationallawyersnetwork.png\",\"image_alt\":\"INTERNATIONAL LAWYERS NETWORK\"}}],\"modified\":\"2021-04-08T07:26:27.777Z\",\"name\":\"Grid Footer English\"}]}]}]}],\"version\":\"4.3.10\"} --><\/p>\n","protected":false},"excerpt":{"rendered":"<p>Intellectual Property St-Amant &amp; Vien Avocats d\u2019affaires provides an array of advice on matters relating to intellectual property (IP) to help maximize the commercial value of your company. In addition to managing your IP portfolio, our expertise also covers registering, licensing and selling IP rights as part of technology transfer operations. Our IP team is [&hellip;]<\/p>\n","protected":false},"author":2,"featured_media":0,"parent":0,"menu_order":0,"comment_status":"closed","ping_status":"closed","template":"","meta":{"footnotes":""},"class_list":["post-248","page","type-page","status-publish","hentry"],"yoast_head":"<!-- This site is optimized with the Yoast SEO plugin v27.4 - https:\/\/yoast.com\/product\/yoast-seo-wordpress\/ -->\n<title>Intellectual Property - St-Amant &amp; Vien Avocats d\u2019affaires<\/title>\n<meta name=\"robots\" content=\"index, follow, max-snippet:-1, max-image-preview:large, max-video-preview:-1\" \/>\n<link rel=\"canonical\" href=\"https:\/\/svavocats.com\/en\/intellectual-property\/\" \/>\n<meta property=\"og:locale\" content=\"en_US\" \/>\n<meta property=\"og:type\" content=\"article\" \/>\n<meta property=\"og:title\" content=\"Intellectual Property - St-Amant &amp; Vien Avocats d\u2019affaires\" \/>\n<meta property=\"og:description\" content=\"Intellectual Property St-Amant &amp; Vien Avocats d\u2019affaires provides an array of advice on matters relating to intellectual property (IP) to help maximize the commercial value of your company. In addition to managing your IP portfolio, our expertise also covers registering, licensing and selling IP rights as part of technology transfer operations. Our IP team is [&hellip;]\" \/>\n<meta property=\"og:url\" content=\"https:\/\/svavocats.com\/en\/intellectual-property\/\" \/>\n<meta property=\"og:site_name\" content=\"St-Amant &amp; Vien Avocats d\u2019affaires\" \/>\n<meta property=\"article:modified_time\" content=\"2025-07-10T19:39:20+00:00\" \/>\n<meta property=\"og:image\" content=\"https:\/\/svavocats.com\/wp-content\/uploads\/2021\/04\/logo-fb.jpg\" \/>\n\t<meta property=\"og:image:width\" content=\"1200\" \/>\n\t<meta property=\"og:image:height\" content=\"630\" \/>\n\t<meta property=\"og:image:type\" content=\"image\/jpeg\" \/>\n<meta name=\"twitter:card\" content=\"summary_large_image\" \/>\n<meta name=\"twitter:label1\" content=\"Est. reading time\" \/>\n\t<meta name=\"twitter:data1\" content=\"2 minutes\" \/>\n<script type=\"application\/ld+json\" class=\"yoast-schema-graph\">{\"@context\":\"https:\\\/\\\/schema.org\",\"@graph\":[{\"@type\":\"WebPage\",\"@id\":\"https:\\\/\\\/svavocats.com\\\/en\\\/intellectual-property\\\/\",\"url\":\"https:\\\/\\\/svavocats.com\\\/en\\\/intellectual-property\\\/\",\"name\":\"Intellectual Property - St-Amant &amp; Vien Avocats d\u2019affaires\",\"isPartOf\":{\"@id\":\"https:\\\/\\\/svavocats.com\\\/#website\"},\"datePublished\":\"2021-04-07T20:55:22+00:00\",\"dateModified\":\"2025-07-10T19:39:20+00:00\",\"breadcrumb\":{\"@id\":\"https:\\\/\\\/svavocats.com\\\/en\\\/intellectual-property\\\/#breadcrumb\"},\"inLanguage\":\"en-US\",\"potentialAction\":[{\"@type\":\"ReadAction\",\"target\":[\"https:\\\/\\\/svavocats.com\\\/en\\\/intellectual-property\\\/\"]}]},{\"@type\":\"BreadcrumbList\",\"@id\":\"https:\\\/\\\/svavocats.com\\\/en\\\/intellectual-property\\\/#breadcrumb\",\"itemListElement\":[{\"@type\":\"ListItem\",\"position\":1,\"name\":\"Accueil\",\"item\":\"https:\\\/\\\/svavocats.com\\\/\"},{\"@type\":\"ListItem\",\"position\":2,\"name\":\"Intellectual Property\"}]},{\"@type\":\"WebSite\",\"@id\":\"https:\\\/\\\/svavocats.com\\\/#website\",\"url\":\"https:\\\/\\\/svavocats.com\\\/\",\"name\":\"St-Amant &amp; Vien Avocats d\u2019affaires\",\"description\":\"Un cabinet canadien sp\u00e9cialis\u00e9 en droit des affaires bas\u00e9 au Qu\u00e9bec\",\"potentialAction\":[{\"@type\":\"SearchAction\",\"target\":{\"@type\":\"EntryPoint\",\"urlTemplate\":\"https:\\\/\\\/svavocats.com\\\/?s={search_term_string}\"},\"query-input\":{\"@type\":\"PropertyValueSpecification\",\"valueRequired\":true,\"valueName\":\"search_term_string\"}}],\"inLanguage\":\"en-US\"}]}<\/script>\n<!-- \/ Yoast SEO plugin. -->","yoast_head_json":{"title":"Intellectual Property - St-Amant &amp; Vien Avocats d\u2019affaires","robots":{"index":"index","follow":"follow","max-snippet":"max-snippet:-1","max-image-preview":"max-image-preview:large","max-video-preview":"max-video-preview:-1"},"canonical":"https:\/\/svavocats.com\/en\/intellectual-property\/","og_locale":"en_US","og_type":"article","og_title":"Intellectual Property - St-Amant &amp; Vien Avocats d\u2019affaires","og_description":"Intellectual Property St-Amant &amp; Vien Avocats d\u2019affaires provides an array of advice on matters relating to intellectual property (IP) to help maximize the commercial value of your company. In addition to managing your IP portfolio, our expertise also covers registering, licensing and selling IP rights as part of technology transfer operations. Our IP team is [&hellip;]","og_url":"https:\/\/svavocats.com\/en\/intellectual-property\/","og_site_name":"St-Amant &amp; Vien Avocats d\u2019affaires","article_modified_time":"2025-07-10T19:39:20+00:00","og_image":[{"width":1200,"height":630,"url":"https:\/\/svavocats.com\/wp-content\/uploads\/2021\/04\/logo-fb.jpg","type":"image\/jpeg"}],"twitter_card":"summary_large_image","twitter_misc":{"Est. reading time":"2 minutes"},"schema":{"@context":"https:\/\/schema.org","@graph":[{"@type":"WebPage","@id":"https:\/\/svavocats.com\/en\/intellectual-property\/","url":"https:\/\/svavocats.com\/en\/intellectual-property\/","name":"Intellectual Property - St-Amant &amp; Vien Avocats d\u2019affaires","isPartOf":{"@id":"https:\/\/svavocats.com\/#website"},"datePublished":"2021-04-07T20:55:22+00:00","dateModified":"2025-07-10T19:39:20+00:00","breadcrumb":{"@id":"https:\/\/svavocats.com\/en\/intellectual-property\/#breadcrumb"},"inLanguage":"en-US","potentialAction":[{"@type":"ReadAction","target":["https:\/\/svavocats.com\/en\/intellectual-property\/"]}]},{"@type":"BreadcrumbList","@id":"https:\/\/svavocats.com\/en\/intellectual-property\/#breadcrumb","itemListElement":[{"@type":"ListItem","position":1,"name":"Accueil","item":"https:\/\/svavocats.com\/"},{"@type":"ListItem","position":2,"name":"Intellectual Property"}]},{"@type":"WebSite","@id":"https:\/\/svavocats.com\/#website","url":"https:\/\/svavocats.com\/","name":"St-Amant &amp; Vien Avocats d\u2019affaires","description":"Un cabinet canadien sp\u00e9cialis\u00e9 en droit des affaires bas\u00e9 au Qu\u00e9bec","potentialAction":[{"@type":"SearchAction","target":{"@type":"EntryPoint","urlTemplate":"https:\/\/svavocats.com\/?s={search_term_string}"},"query-input":{"@type":"PropertyValueSpecification","valueRequired":true,"valueName":"search_term_string"}}],"inLanguage":"en-US"}]}},"_links":{"self":[{"href":"https:\/\/svavocats.com\/en\/wp-json\/wp\/v2\/pages\/248","targetHints":{"allow":["GET"]}}],"collection":[{"href":"https:\/\/svavocats.com\/en\/wp-json\/wp\/v2\/pages"}],"about":[{"href":"https:\/\/svavocats.com\/en\/wp-json\/wp\/v2\/types\/page"}],"author":[{"embeddable":true,"href":"https:\/\/svavocats.com\/en\/wp-json\/wp\/v2\/users\/2"}],"replies":[{"embeddable":true,"href":"https:\/\/svavocats.com\/en\/wp-json\/wp\/v2\/comments?post=248"}],"version-history":[{"count":10,"href":"https:\/\/svavocats.com\/en\/wp-json\/wp\/v2\/pages\/248\/revisions"}],"predecessor-version":[{"id":899,"href":"https:\/\/svavocats.com\/en\/wp-json\/wp\/v2\/pages\/248\/revisions\/899"}],"wp:attachment":[{"href":"https:\/\/svavocats.com\/en\/wp-json\/wp\/v2\/media?parent=248"}],"curies":[{"name":"wp","href":"https:\/\/api.w.org\/{rel}","templated":true}]}}