{"id":254,"date":"2021-04-07T20:56:49","date_gmt":"2021-04-07T20:56:49","guid":{"rendered":"https:\/\/svavocats.com\/?page_id=254"},"modified":"2025-07-10T19:38:20","modified_gmt":"2025-07-10T19:38:20","slug":"immigration-and-workforce-mobility","status":"publish","type":"page","link":"https:\/\/svavocats.com\/en\/immigration-and-workforce-mobility\/","title":{"rendered":"Immigration and Workforce Mobility"},"content":{"rendered":"<h1>Immigration and Workforce Mobility<\/h1>\n<div>Our team offers a wide range of immigration services to businesses and individuals, in<br \/>\nmatters that include work permits, study permits, visitor records, permanent residency<br \/>\nand citizenship, both in Canada and the United States. In an environment marked by<br \/>\nscarce labour resources, these services are key to the growth of certain businesses. We<br \/>\ncan also advise employers and immigrants with respect to their employment, labour and<br \/>\ntax obligations. We work closely with international recruitment agencies so that your<br \/>\nproject may become a reality.<\/div>\n<ul>\n<li>\n<div>Request for a LMIA, open or closed work permit, post-graduation work permit, WHP, or global talent or international treaty application<\/div>\n<\/li>\n<li>\n<div>Application for a study permit<\/div>\n<\/li>\n<li>\n<div>Application for PEQ and permanent residency<\/div>\n<\/li>\n<li>\n<div>Application for citizenship<\/div>\n<\/li>\n<li>\n<div>Application for sponsorship and family reunification<\/div>\n<\/li>\n<li>\n<div>Economic immigration \u2013 Program for investors and entrepreneurs<\/div>\n<\/li>\n<li>\n<div>Intra-company transfer<\/div>\n<\/li>\n<li>\n<div>Travel visa<\/div>\n<\/li>\n<li>\n<div>Renunciation of U.S. citizenship<\/div>\n<\/li>\n<li>\n<div>Inadmissibility challenge<\/div>\n<\/li>\n<li>\n<div>Appeal to the Immigration Appeal Division<\/div>\n<\/li>\n<li>\n<div>Immigration and foreign worker integration consulting<\/div>\n<\/li>\n<\/ul>\n<h2>Contact Us<\/h2>\n<ul>\n<li>\n<h3>Quebec Office<\/h3>\n<div>\n<p><span>824 avenue Myrand<\/span><span>\u00a0<\/span><br \/><span>Qu\u00e9bec (Qu\u00e9bec) G1V 2V5<\/span><br \/><a href=\"tel:581 814-0774\" class=\"el-content uk-link-text\">Phone\/Fax : 581 814-0774<\/a> <br \/><a href=\"mailto:info@svavocats.com\">Email : info@svavocats.com<\/a><\/p>\n<\/div>\n<\/li>\n<li>\n<h3>Montreal Office<\/h3>\n<div>\n<p>2 Place du Commerce, bureau 218<br \/>\nMontr\u00e9al (Qu\u00e9bec) H3E 1A1<br \/><a href=\"tel:581 814-0774\" class=\"el-content uk-link-text\">Phone\/Fax : 581 814-0774<\/a> <br \/> <a href=\"mailto:info@svavocats.com\">Email : info@svavocats.com<\/a><\/p>\n<\/p><\/div>\n<\/li>\n<li>\n<h3>S&#038;V Notaires<\/h3>\n<div>\n<p><span>824 Myrand Avenue<\/span><span>\u00a0<\/span><br \/><span>Qu\u00e9bec (Qu\u00e9bec) G1V 2V5<\/span><br \/><a href=\"tel:4186875454\">Tel.:418 687-5454<\/a><br \/><a href=\"fax:4186870540\">Fax: 418 687-0540<\/a><br \/><a href=\"mailto:info@svnotaires.com\">Email: info@svnotaires.com<\/a><\/p>\n<\/div>\n<\/li>\n<li>\n<p><img decoding=\"async\" src=\"\/wp-content\/uploads\/2025\/06\/aea-internationallawyersnetwork.png\" alt=\"INTERNATIONAL LAWYERS NETWORK\"><\/p>\n<\/li>\n<\/ul>\n<p><!--more--><br \/>\n<!-- {\"name\":\"IMO\",\"type\":\"layout\",\"children\":[{\"type\":\"section\",\"props\":{\"class\":\"no-pad-section\",\"header_transparent\":true,\"header_transparent_noplaceholder\":false,\"header_transparent_text_color\":\"dark\",\"image_position\":\"top-center\",\"image_size\":\"cover\",\"padding_remove_top\":false,\"style\":\"muted\",\"title_breakpoint\":\"xl\",\"title_position\":\"top-left\",\"title_rotation\":\"left\",\"vertical_align\":\"middle\",\"width\":\"default\"},\"children\":[{\"type\":\"row\",\"children\":[{\"type\":\"column\",\"props\":{\"image_position\":\"center-center\",\"position_sticky_breakpoint\":\"m\"}}]}]},{\"type\":\"section\",\"props\":{\"header_transparent\":true,\"header_transparent_noplaceholder\":false,\"header_transparent_text_color\":\"dark\",\"image\":\"wp-content\\\/uploads\\\/2022\\\/10\\\/71948-SV-Notaires-St-Amant-Vien-Site-Web-V2-15-5.png\",\"image_height\":\"100%\",\"image_position\":\"center-center\",\"image_size\":\"cover\",\"padding_remove_top\":false,\"style\":\"muted\",\"title_breakpoint\":\"xl\",\"title_position\":\"top-left\",\"title_rotation\":\"left\",\"vertical_align\":\"middle\",\"width\":\"default\"},\"children\":[{\"type\":\"row\",\"children\":[{\"type\":\"column\",\"props\":{\"image_position\":\"center-center\",\"position_sticky_breakpoint\":\"m\"},\"children\":[{\"type\":\"headline\",\"props\":{\"content\":\"Immigration and Workforce Mobility\",\"title_decoration\":\"line\",\"title_element\":\"h1\",\"title_style\":\"h1\"}},{\"type\":\"text\",\"props\":{\"column_breakpoint\":\"m\",\"content\":\"Our team offers a wide range of immigration services to businesses and individuals, in\\nmatters that include work permits, study permits, visitor records, permanent residency\\nand citizenship, both in Canada and the United States. In an environment marked by\\nscarce labour resources, these services are key to the growth of certain businesses. We\\ncan also advise employers and immigrants with respect to their employment, labour and\\ntax obligations. We work closely with international recruitment agencies so that your\\nproject may become a reality.\",\"margin\":\"default\",\"text_align\":\"justify\"}},{\"type\":\"list\",\"props\":{\"column\":\"1-2\",\"column_breakpoint\":\"m\",\"content_style\":\"text-bold\",\"image_align\":\"left\",\"image_svg_color\":\"emphasis\",\"image_vertical_align\":true,\"list_element\":\"ul\",\"list_horizontal_separator\":\", \",\"list_marker\":\"square\",\"list_marker_color\":\"secondary\",\"list_size\":\"large\",\"list_type\":\"vertical\",\"show_image\":true,\"show_link\":true},\"children\":[{\"type\":\"list_item\",\"props\":{\"content\":\"Request for a LMIA, open or closed work permit, post-graduation work permit, WHP, or global talent or international treaty application\"}},{\"type\":\"list_item\",\"props\":{\"content\":\"Application for a study permit\"}},{\"type\":\"list_item\",\"props\":{\"content\":\"Application for PEQ and permanent residency\"}},{\"type\":\"list_item\",\"props\":{\"content\":\"Application for citizenship\"}},{\"type\":\"list_item\",\"props\":{\"content\":\"Application for sponsorship and family reunification\"}},{\"type\":\"list_item\",\"props\":{\"content\":\"Economic immigration \\u2013 Program for investors and entrepreneurs\"}},{\"type\":\"list_item\",\"props\":{\"content\":\"Intra-company transfer\"}},{\"type\":\"list_item\",\"props\":{\"content\":\"Travel visa\"}},{\"type\":\"list_item\",\"props\":{\"content\":\"Renunciation of U.S. citizenship\"}},{\"type\":\"list_item\",\"props\":{\"content\":\"Inadmissibility challenge\"}},{\"type\":\"list_item\",\"props\":{\"content\":\"Appeal to the Immigration Appeal Division\"}},{\"type\":\"list_item\",\"props\":{\"content\":\"Immigration and foreign worker integration consulting\"}}]}]}]}]},{\"type\":\"section\",\"props\":{\"animation\":\"fade\",\"animation_delay\":\"200\",\"image_position\":\"center-center\",\"padding\":\"small\",\"style\":\"default\",\"title_breakpoint\":\"xl\",\"title_position\":\"top-left\",\"title_rotation\":\"left\",\"vertical_align\":\"middle\",\"width\":\"default\"},\"children\":[{\"type\":\"row\",\"children\":[{\"type\":\"column\",\"props\":{\"image_position\":\"center-center\",\"position_sticky_breakpoint\":\"m\"},\"children\":[{\"type\":\"headline\",\"props\":{\"animation\":\"slide-left-small\",\"content\":\"Contact Us\",\"text_align\":\"left\",\"text_align_breakpoint\":\"m\",\"text_align_fallback\":\"center\",\"title_decoration\":\"line\",\"title_element\":\"h2\",\"title_style\":\"heading-small\"},\"modified\":\"2021-04-08T07:26:17.459Z\",\"name\":\"Headline Footer English\"},{\"type\":\"grid\",\"props\":{\"content_column_breakpoint\":\"m\",\"filter_align\":\"left\",\"filter_all\":true,\"filter_grid_breakpoint\":\"m\",\"filter_grid_width\":\"auto\",\"filter_position\":\"top\",\"filter_style\":\"tab\",\"grid_default\":\"1\",\"grid_medium\":\"2\",\"icon_width\":80,\"image_align\":\"top\",\"image_grid_breakpoint\":\"m\",\"image_grid_width\":\"1-2\",\"image_svg_color\":\"emphasis\",\"item_animation\":true,\"link_style\":\"default\",\"link_text\":\"Read more\",\"margin\":\"default\",\"meta_align\":\"below-title\",\"meta_element\":\"div\",\"meta_style\":\"text-meta\",\"parallax_easing\":\"1\",\"show_content\":true,\"show_image\":true,\"show_link\":true,\"show_meta\":true,\"show_title\":true,\"text_align\":\"left\",\"text_align_breakpoint\":\"m\",\"text_align_fallback\":\"center\",\"title_align\":\"top\",\"title_element\":\"h3\",\"title_grid_breakpoint\":\"m\",\"title_grid_width\":\"1-2\",\"title_hover_style\":\"reset\"},\"children\":[{\"type\":\"grid_item\",\"props\":{\"content\":\"\n\n<p><span>824 avenue Myrand<\\\/span><span>\\u00a0<\\\/span><br \\\/><span>Qu\\u00e9bec (Qu\\u00e9bec) G1V 2V5<\\\/span><br \\\/><a href=\\\"tel:581 814-0774\\\" class=\\\"el-content uk-link-text\\\">Phone\\\/Fax : 581 814-0774<\\\/a> <br \\\/><a href=\\\"mailto:info@svavocats.com\\\">Email : info@svavocats.com<\\\/a><\\\/p>\",\"title\":\"Quebec Office\"}},{\"type\":\"grid_item\",\"props\":{\"content\":\"\n\n<p>2 Place du Commerce, bureau 218<br \/>\\nMontr\\u00e9al (Qu\\u00e9bec) H3E 1A1<br \/><a href=\\\"tel:581 814-0774\\\" class=\\\"el-content uk-link-text\\\">Phone\\\/Fax : 581 814-0774<\\\/a> <br \/> <a href=\\\"mailto:info@svavocats.com\\\">Email : info@svavocats.com<\\\/a><\\\/p>\\n       \",\"title\":\"Montreal Office\"}},{\"type\":\"grid_item\",\"props\":{\"content\":\"\n\n<p><span>824 Myrand Avenue<\\\/span><span>\\u00a0<\\\/span><br \\\/><span>Qu\\u00e9bec (Qu\\u00e9bec) G1V 2V5<\\\/span><br \\\/><a href=\\\"tel:4186875454\\\">Tel.:418 687-5454<\\\/a><br \\\/><a href=\\\"fax:4186870540\\\">Fax: 418 687-0540<\\\/a><br \\\/><a href=\\\"mailto:info@svnotaires.com\\\">Email: info@svnotaires.com<\\\/a><\\\/p>\",\"title\":\"S&V Notaires\"}},{\"type\":\"grid_item\",\"props\":{\"image\":\"wp-content\\\/uploads\\\/2025\\\/06\\\/aea-internationallawyersnetwork.png\",\"image_alt\":\"INTERNATIONAL LAWYERS NETWORK\"}}],\"modified\":\"2021-04-08T07:26:27.777Z\",\"name\":\"Grid Footer English\"}]}]}]}],\"version\":\"4.3.10\"} --><\/p>\n","protected":false},"excerpt":{"rendered":"<p>Immigration and Workforce Mobility Our team offers a wide range of immigration services to businesses and individuals, in matters that include work permits, study permits, visitor records, permanent residency and citizenship, both in Canada and the United States. In an environment marked by scarce labour resources, these services are key to the growth of certain [&hellip;]<\/p>\n","protected":false},"author":2,"featured_media":0,"parent":0,"menu_order":0,"comment_status":"closed","ping_status":"closed","template":"","meta":{"footnotes":""},"class_list":["post-254","page","type-page","status-publish","hentry"],"yoast_head":"<!-- This site is optimized with the Yoast SEO plugin v27.4 - https:\/\/yoast.com\/product\/yoast-seo-wordpress\/ -->\n<title>Immigration and Workforce Mobility - St-Amant &amp; Vien Avocats d\u2019affaires<\/title>\n<meta name=\"robots\" content=\"index, follow, max-snippet:-1, max-image-preview:large, max-video-preview:-1\" \/>\n<link rel=\"canonical\" href=\"https:\/\/svavocats.com\/en\/immigration-and-workforce-mobility\/\" \/>\n<meta property=\"og:locale\" content=\"en_US\" \/>\n<meta property=\"og:type\" content=\"article\" \/>\n<meta property=\"og:title\" content=\"Immigration and Workforce Mobility - St-Amant &amp; Vien Avocats d\u2019affaires\" \/>\n<meta property=\"og:description\" content=\"Immigration and Workforce Mobility Our team offers a wide range of immigration services to businesses and individuals, in matters that include work permits, study permits, visitor records, permanent residency and citizenship, both in Canada and the United States. In an environment marked by scarce labour resources, these services are key to the growth of certain [&hellip;]\" \/>\n<meta property=\"og:url\" content=\"https:\/\/svavocats.com\/en\/immigration-and-workforce-mobility\/\" \/>\n<meta property=\"og:site_name\" content=\"St-Amant &amp; Vien Avocats d\u2019affaires\" \/>\n<meta property=\"article:modified_time\" content=\"2025-07-10T19:38:20+00:00\" \/>\n<meta property=\"og:image\" content=\"https:\/\/svavocats.com\/wp-content\/uploads\/2021\/04\/logo-fb.jpg\" \/>\n\t<meta property=\"og:image:width\" content=\"1200\" \/>\n\t<meta property=\"og:image:height\" content=\"630\" \/>\n\t<meta property=\"og:image:type\" content=\"image\/jpeg\" \/>\n<meta name=\"twitter:card\" content=\"summary_large_image\" \/>\n<meta name=\"twitter:label1\" content=\"Est. reading time\" \/>\n\t<meta name=\"twitter:data1\" content=\"1 minute\" \/>\n<script type=\"application\/ld+json\" class=\"yoast-schema-graph\">{\"@context\":\"https:\\\/\\\/schema.org\",\"@graph\":[{\"@type\":\"WebPage\",\"@id\":\"https:\\\/\\\/svavocats.com\\\/en\\\/immigration-and-workforce-mobility\\\/\",\"url\":\"https:\\\/\\\/svavocats.com\\\/en\\\/immigration-and-workforce-mobility\\\/\",\"name\":\"Immigration and Workforce Mobility - St-Amant &amp; Vien Avocats d\u2019affaires\",\"isPartOf\":{\"@id\":\"https:\\\/\\\/svavocats.com\\\/#website\"},\"datePublished\":\"2021-04-07T20:56:49+00:00\",\"dateModified\":\"2025-07-10T19:38:20+00:00\",\"breadcrumb\":{\"@id\":\"https:\\\/\\\/svavocats.com\\\/en\\\/immigration-and-workforce-mobility\\\/#breadcrumb\"},\"inLanguage\":\"en-US\",\"potentialAction\":[{\"@type\":\"ReadAction\",\"target\":[\"https:\\\/\\\/svavocats.com\\\/en\\\/immigration-and-workforce-mobility\\\/\"]}]},{\"@type\":\"BreadcrumbList\",\"@id\":\"https:\\\/\\\/svavocats.com\\\/en\\\/immigration-and-workforce-mobility\\\/#breadcrumb\",\"itemListElement\":[{\"@type\":\"ListItem\",\"position\":1,\"name\":\"Accueil\",\"item\":\"https:\\\/\\\/svavocats.com\\\/\"},{\"@type\":\"ListItem\",\"position\":2,\"name\":\"Immigration and Workforce Mobility\"}]},{\"@type\":\"WebSite\",\"@id\":\"https:\\\/\\\/svavocats.com\\\/#website\",\"url\":\"https:\\\/\\\/svavocats.com\\\/\",\"name\":\"St-Amant &amp; Vien Avocats d\u2019affaires\",\"description\":\"Un cabinet canadien sp\u00e9cialis\u00e9 en droit des affaires bas\u00e9 au Qu\u00e9bec\",\"potentialAction\":[{\"@type\":\"SearchAction\",\"target\":{\"@type\":\"EntryPoint\",\"urlTemplate\":\"https:\\\/\\\/svavocats.com\\\/?s={search_term_string}\"},\"query-input\":{\"@type\":\"PropertyValueSpecification\",\"valueRequired\":true,\"valueName\":\"search_term_string\"}}],\"inLanguage\":\"en-US\"}]}<\/script>\n<!-- \/ Yoast SEO plugin. -->","yoast_head_json":{"title":"Immigration and Workforce Mobility - St-Amant &amp; Vien Avocats d\u2019affaires","robots":{"index":"index","follow":"follow","max-snippet":"max-snippet:-1","max-image-preview":"max-image-preview:large","max-video-preview":"max-video-preview:-1"},"canonical":"https:\/\/svavocats.com\/en\/immigration-and-workforce-mobility\/","og_locale":"en_US","og_type":"article","og_title":"Immigration and Workforce Mobility - St-Amant &amp; Vien Avocats d\u2019affaires","og_description":"Immigration and Workforce Mobility Our team offers a wide range of immigration services to businesses and individuals, in matters that include work permits, study permits, visitor records, permanent residency and citizenship, both in Canada and the United States. In an environment marked by scarce labour resources, these services are key to the growth of certain [&hellip;]","og_url":"https:\/\/svavocats.com\/en\/immigration-and-workforce-mobility\/","og_site_name":"St-Amant &amp; Vien Avocats d\u2019affaires","article_modified_time":"2025-07-10T19:38:20+00:00","og_image":[{"width":1200,"height":630,"url":"https:\/\/svavocats.com\/wp-content\/uploads\/2021\/04\/logo-fb.jpg","type":"image\/jpeg"}],"twitter_card":"summary_large_image","twitter_misc":{"Est. reading time":"1 minute"},"schema":{"@context":"https:\/\/schema.org","@graph":[{"@type":"WebPage","@id":"https:\/\/svavocats.com\/en\/immigration-and-workforce-mobility\/","url":"https:\/\/svavocats.com\/en\/immigration-and-workforce-mobility\/","name":"Immigration and Workforce Mobility - St-Amant &amp; Vien Avocats d\u2019affaires","isPartOf":{"@id":"https:\/\/svavocats.com\/#website"},"datePublished":"2021-04-07T20:56:49+00:00","dateModified":"2025-07-10T19:38:20+00:00","breadcrumb":{"@id":"https:\/\/svavocats.com\/en\/immigration-and-workforce-mobility\/#breadcrumb"},"inLanguage":"en-US","potentialAction":[{"@type":"ReadAction","target":["https:\/\/svavocats.com\/en\/immigration-and-workforce-mobility\/"]}]},{"@type":"BreadcrumbList","@id":"https:\/\/svavocats.com\/en\/immigration-and-workforce-mobility\/#breadcrumb","itemListElement":[{"@type":"ListItem","position":1,"name":"Accueil","item":"https:\/\/svavocats.com\/"},{"@type":"ListItem","position":2,"name":"Immigration and Workforce Mobility"}]},{"@type":"WebSite","@id":"https:\/\/svavocats.com\/#website","url":"https:\/\/svavocats.com\/","name":"St-Amant &amp; Vien Avocats d\u2019affaires","description":"Un cabinet canadien sp\u00e9cialis\u00e9 en droit des affaires bas\u00e9 au Qu\u00e9bec","potentialAction":[{"@type":"SearchAction","target":{"@type":"EntryPoint","urlTemplate":"https:\/\/svavocats.com\/?s={search_term_string}"},"query-input":{"@type":"PropertyValueSpecification","valueRequired":true,"valueName":"search_term_string"}}],"inLanguage":"en-US"}]}},"_links":{"self":[{"href":"https:\/\/svavocats.com\/en\/wp-json\/wp\/v2\/pages\/254","targetHints":{"allow":["GET"]}}],"collection":[{"href":"https:\/\/svavocats.com\/en\/wp-json\/wp\/v2\/pages"}],"about":[{"href":"https:\/\/svavocats.com\/en\/wp-json\/wp\/v2\/types\/page"}],"author":[{"embeddable":true,"href":"https:\/\/svavocats.com\/en\/wp-json\/wp\/v2\/users\/2"}],"replies":[{"embeddable":true,"href":"https:\/\/svavocats.com\/en\/wp-json\/wp\/v2\/comments?post=254"}],"version-history":[{"count":11,"href":"https:\/\/svavocats.com\/en\/wp-json\/wp\/v2\/pages\/254\/revisions"}],"predecessor-version":[{"id":897,"href":"https:\/\/svavocats.com\/en\/wp-json\/wp\/v2\/pages\/254\/revisions\/897"}],"wp:attachment":[{"href":"https:\/\/svavocats.com\/en\/wp-json\/wp\/v2\/media?parent=254"}],"curies":[{"name":"wp","href":"https:\/\/api.w.org\/{rel}","templated":true}]}}