{"id":539,"date":"2022-10-21T13:24:11","date_gmt":"2022-10-21T13:24:11","guid":{"rendered":"https:\/\/svavocats.com\/?page_id=539"},"modified":"2025-07-10T19:41:57","modified_gmt":"2025-07-10T19:41:57","slug":"sv-notaires","status":"publish","type":"page","link":"https:\/\/svavocats.com\/en\/sv-notaires\/","title":{"rendered":"S&amp;V NOTAIRES"},"content":{"rendered":"<h1>\n<p><strong>S&amp;V NOTAIRES<\/strong><\/p>\n<\/h1>\n<div>S&amp;V Notaires is the notary law department of St-Amant &amp; Vien Avocats d\u2019affaires. Our expertise and<br \/>\nexperience allow us to handle the most complex cases and projects, especially in the business sector,<br \/>\nas well as all matters related to the management of your real estate assets and the planning of your<br \/>\nestate. Our sought-after services are offered both in person and virtually, allowing us to provide<br \/>\ncounsel wherever you are in Quebec. Here is a quick overview of the services offered by our expert<br \/>\nadvisors:<\/div>\n<div>\n<p><b>Our areas of expertise<\/b><\/p>\n<\/div>\n<ul>\n<li>\n<div>\n<p>Business<\/p>\n<\/div>\n<\/li>\n<li>\n<div>\n<p>Real estate transactions (purchase\/sale)<\/p>\n<\/div>\n<\/li>\n<li>\n<div>\n<p>Financing or refinancing<\/p>\n<\/div>\n<\/li>\n<li>\n<div>\n<p>Establishment of immovable hypothecs<\/p>\n<\/div>\n<\/li>\n<li>\n<div>\n<p>Will drafting<\/p>\n<\/div>\n<\/li>\n<li>\n<div>\n<p>Protection mandate<\/p>\n<\/div>\n<\/li>\n<\/ul>\n<div>\n<p><b>An experienced team<\/b><\/p>\n<\/div>\n<div>\n<p><a href=\"\/en\/our-professionals\/#christinelavoie\">Me. Christine Lavoie<\/a> is a notary with 15 years of experience in leading firms in the Quebec City area.\u00a0<\/p>\n<\/div>\n<h1>Contact Us<\/h1>\n<ul>\n<li>\n<h3>Quebec Office<\/h3>\n<div>\n<p><span>824 Myrand Avenue<\/span><span>\u00a0<\/span><br \/><span>Qu\u00e9bec (Qu\u00e9bec) G1V 2V5<\/span><br \/><a href=\"tel:581 814-0774\" class=\"el-content uk-link-text\">Phone\/Fax : 581 814-0774<\/a> <br \/><a href=\"mailto:info@svavocats.com\">Email : info@svavocats.com<\/a><\/p>\n<\/div>\n<\/li>\n<li>\n<h3>Montreal Office<\/h3>\n<div>\n<p>2 Place du Commerce<br \/>\nSuite 218<br \/>\nMontr\u00e9al (Qu\u00e9bec) H3E 1A1<br \/><a href=\"tel:581 814-0774\" class=\"el-content uk-link-text\">Phone\/Fax : 581 814-0774<\/a> <br \/> <a href=\"mailto:info@svavocats.com\">Email : info@svavocats.com<\/a><\/p>\n<\/p><\/div>\n<\/li>\n<li>\n<h3>S&#038;V Notaires<\/h3>\n<div>\n<p><span>824 Myrand Avenue<\/span><span>\u00a0<\/span><br \/><span>Qu\u00e9bec (Qu\u00e9bec) G1V 2V5<\/span><br \/><a href=\"tel:4186875454\">Phone:418 687-5454<\/a><br \/><a href=\"fax:4186870540\">Fax: 418 687-0540<\/a><br \/><a href=\"mailto:info@svnotaires.com\">Email: info@svnotaires.com<\/a><\/p>\n<\/div>\n<\/li>\n<li>\n<p><img decoding=\"async\" src=\"\/wp-content\/uploads\/2025\/06\/aea-internationallawyersnetwork.png\" alt=\"INTERNATIONAL LAWYERS NETWORK\"><\/p>\n<\/li>\n<\/ul>\n<p><!--more--><br \/>\n<!-- {\"name\":\"DF\",\"type\":\"layout\",\"children\":[{\"type\":\"section\",\"props\":{\"class\":\"no-pad-section\",\"header_transparent\":true,\"header_transparent_text_color\":\"dark\",\"image_position\":\"center-center\",\"style\":\"muted\",\"title_breakpoint\":\"xl\",\"title_position\":\"top-left\",\"title_rotation\":\"left\",\"vertical_align\":\"middle\",\"width\":\"default\"},\"children\":[{\"type\":\"row\",\"children\":[{\"type\":\"column\",\"props\":{\"image_position\":\"center-center\",\"position_sticky_breakpoint\":\"m\"}}]}]},{\"type\":\"section\",\"props\":{\"header_transparent\":true,\"header_transparent_text_color\":\"dark\",\"image\":\"wp-content\\\/uploads\\\/2022\\\/10\\\/bg2.png\",\"image_position\":\"center-center\",\"image_size\":\"cover\",\"style\":\"muted\",\"title_breakpoint\":\"xl\",\"title_position\":\"top-left\",\"title_rotation\":\"left\",\"vertical_align\":\"middle\",\"width\":\"default\"},\"children\":[{\"type\":\"row\",\"children\":[{\"type\":\"column\",\"props\":{\"image_position\":\"center-center\",\"position_sticky_breakpoint\":\"m\"},\"children\":[{\"type\":\"headline\",\"props\":{\"content\":\"\n\n<p><strong>S&amp;V NOTAIRES<\\\/strong><\\\/p>\",\"title_decoration\":\"line\",\"title_element\":\"h1\",\"title_style\":\"h1\"}},{\"type\":\"text\",\"props\":{\"column_breakpoint\":\"m\",\"content\":\"S&amp;V Notaires is the notary law department of St-Amant &amp; Vien Avocats d\\u2019affaires. Our expertise and\\nexperience allow us to handle the most complex cases and projects, especially in the business sector,\\nas well as all matters related to the management of your real estate assets and the planning of your\\nestate. Our sought-after services are offered both in person and virtually, allowing us to provide\\ncounsel wherever you are in Quebec. Here is a quick overview of the services offered by our expert\\nadvisors:\",\"margin\":\"default\",\"text_align\":\"justify\"}},{\"type\":\"text\",\"props\":{\"column_breakpoint\":\"m\",\"content\":\"\n\n<p><b>Our areas of expertise<\\\/b><\\\/p>\",\"margin\":\"default\",\"text_align\":\"justify\"}},{\"type\":\"list\",\"props\":{\"column\":\"1-2\",\"column_breakpoint\":\"m\",\"content_style\":\"text-bold\",\"image_align\":\"left\",\"image_svg_color\":\"emphasis\",\"image_vertical_align\":true,\"list_element\":\"ul\",\"list_horizontal_separator\":\", \",\"list_marker\":\"square\",\"list_marker_color\":\"emphasis\",\"list_size\":\"large\",\"list_type\":\"vertical\",\"show_image\":true,\"show_link\":true},\"children\":[{\"type\":\"list_item\",\"props\":{\"content\":\"\n\n<p>Business<\\\/p>\"}},{\"type\":\"list_item\",\"props\":{\"content\":\"\n\n<p>Real estate transactions (purchase\\\/sale)<\\\/p>\"}},{\"type\":\"list_item\",\"props\":{\"content\":\"\n\n<p>Financing or refinancing<\\\/p>\"}},{\"type\":\"list_item\",\"props\":{\"content\":\"\n\n<p>Establishment of immovable hypothecs<\\\/p>\"}},{\"type\":\"list_item\",\"props\":{\"content\":\"\n\n<p>Will drafting<\\\/p>\"}},{\"type\":\"list_item\",\"props\":{\"content\":\"\n\n<p>Protection mandate<\\\/p>\"}}]},{\"type\":\"text\",\"props\":{\"column_breakpoint\":\"m\",\"content\":\"\n\n<p><b>An experienced team<\\\/b><\\\/p>\",\"margin\":\"default\",\"text_align\":\"justify\"}},{\"type\":\"text\",\"props\":{\"column_breakpoint\":\"m\",\"content\":\"\n\n<p><a href=\\\"\\\/en\\\/our-professionals\\\/#christinelavoie\\\">Me. Christine Lavoie<\\\/a> is a notary with 15 years of experience in leading firms in the Quebec City area.\\u00a0<\\\/p>\",\"margin\":\"default\",\"text_align\":\"justify\"}}]}]}]},{\"type\":\"section\",\"props\":{\"animation\":\"fade\",\"animation_delay\":\"200\",\"image_position\":\"center-center\",\"padding\":\"small\",\"style\":\"default\",\"title_breakpoint\":\"xl\",\"title_position\":\"top-left\",\"title_rotation\":\"left\",\"vertical_align\":\"middle\",\"width\":\"default\"},\"children\":[{\"type\":\"row\",\"children\":[{\"type\":\"column\",\"props\":{\"image_position\":\"center-center\",\"position_sticky_breakpoint\":\"m\"},\"children\":[{\"type\":\"headline\",\"props\":{\"animation\":\"slide-left-small\",\"content\":\"Contact Us\",\"text_align\":\"left\",\"text_align_breakpoint\":\"m\",\"text_align_fallback\":\"center\",\"title_decoration\":\"line\",\"title_element\":\"h1\",\"title_style\":\"heading-small\"},\"modified\":\"2021-04-08T07:26:17.459Z\",\"name\":\"Headline Footer English\"},{\"type\":\"grid\",\"props\":{\"content_column_breakpoint\":\"m\",\"filter_align\":\"left\",\"filter_all\":true,\"filter_grid_breakpoint\":\"m\",\"filter_grid_width\":\"auto\",\"filter_position\":\"top\",\"filter_style\":\"tab\",\"grid_default\":\"1\",\"grid_medium\":\"2\",\"icon_width\":80,\"image_align\":\"top\",\"image_grid_breakpoint\":\"m\",\"image_grid_width\":\"1-2\",\"image_svg_color\":\"emphasis\",\"item_animation\":true,\"link_style\":\"default\",\"link_text\":\"Read more\",\"margin\":\"default\",\"meta_align\":\"below-title\",\"meta_element\":\"div\",\"meta_style\":\"text-meta\",\"parallax_easing\":\"1\",\"show_content\":true,\"show_image\":true,\"show_link\":true,\"show_meta\":true,\"show_title\":true,\"text_align\":\"left\",\"text_align_breakpoint\":\"m\",\"text_align_fallback\":\"center\",\"title_align\":\"top\",\"title_element\":\"h3\",\"title_grid_breakpoint\":\"m\",\"title_grid_width\":\"1-2\",\"title_hover_style\":\"reset\"},\"children\":[{\"type\":\"grid_item\",\"props\":{\"content\":\"\n\n<p><span>824 Myrand Avenue<\\\/span><span>\\u00a0<\\\/span><br \\\/><span>Qu\\u00e9bec (Qu\\u00e9bec) G1V 2V5<\\\/span><br \\\/><a href=\\\"tel:581 814-0774\\\" class=\\\"el-content uk-link-text\\\">Phone\\\/Fax : 581 814-0774<\\\/a> <br \\\/><a href=\\\"mailto:info@svavocats.com\\\">Email : info@svavocats.com<\\\/a><\\\/p>\",\"title\":\"Quebec Office\"}},{\"type\":\"grid_item\",\"props\":{\"content\":\"\n\n<p>2 Place du Commerce<br \/>\\nSuite 218<br \/>\\nMontr\\u00e9al (Qu\\u00e9bec) H3E 1A1<br \/><a href=\\\"tel:581 814-0774\\\" class=\\\"el-content uk-link-text\\\">Phone\\\/Fax : 581 814-0774<\\\/a> <br \/> <a href=\\\"mailto:info@svavocats.com\\\">Email : info@svavocats.com<\\\/a><\\\/p>\\n       \",\"title\":\"Montreal Office\"}},{\"type\":\"grid_item\",\"props\":{\"content\":\"\n\n<p><span>824 Myrand Avenue<\\\/span><span>\\u00a0<\\\/span><br \\\/><span>Qu\\u00e9bec (Qu\\u00e9bec) G1V 2V5<\\\/span><br \\\/><a href=\\\"tel:4186875454\\\">Phone:418 687-5454<\\\/a><br \\\/><a href=\\\"fax:4186870540\\\">Fax: 418 687-0540<\\\/a><br \\\/><a href=\\\"mailto:info@svnotaires.com\\\">Email: info@svnotaires.com<\\\/a><\\\/p>\",\"title\":\"S&V Notaires\"}},{\"type\":\"grid_item\",\"props\":{\"image\":\"wp-content\\\/uploads\\\/2025\\\/06\\\/aea-internationallawyersnetwork.png\",\"image_alt\":\"INTERNATIONAL LAWYERS NETWORK\"}}],\"modified\":\"2021-04-08T07:26:27.777Z\",\"name\":\"Grid Footer English\"}]}]}]}],\"version\":\"4.3.10\"} --><\/p>\n","protected":false},"excerpt":{"rendered":"<p>S&amp;V NOTAIRES S&amp;V Notaires is the notary law department of St-Amant &amp; Vien Avocats d\u2019affaires. Our expertise and experience allow us to handle the most complex cases and projects, especially in the business sector, as well as all matters related to the management of your real estate assets and the planning of your estate. Our [&hellip;]<\/p>\n","protected":false},"author":1,"featured_media":0,"parent":0,"menu_order":0,"comment_status":"closed","ping_status":"closed","template":"","meta":{"footnotes":""},"class_list":["post-539","page","type-page","status-publish","hentry"],"yoast_head":"<!-- This site is optimized with the Yoast SEO plugin v27.5 - https:\/\/yoast.com\/product\/yoast-seo-wordpress\/ -->\n<title>S&amp;V NOTAIRES - St-Amant &amp; Vien Avocats d\u2019affaires<\/title>\n<meta name=\"robots\" content=\"index, follow, max-snippet:-1, max-image-preview:large, max-video-preview:-1\" \/>\n<link rel=\"canonical\" href=\"https:\/\/svavocats.com\/en\/sv-notaires\/\" \/>\n<meta property=\"og:locale\" content=\"en_US\" \/>\n<meta property=\"og:type\" content=\"article\" \/>\n<meta property=\"og:title\" content=\"S&amp;V NOTAIRES - St-Amant &amp; Vien Avocats d\u2019affaires\" \/>\n<meta property=\"og:description\" content=\"S&amp;V NOTAIRES S&amp;V Notaires is the notary law department of St-Amant &amp; Vien Avocats d\u2019affaires. Our expertise and experience allow us to handle the most complex cases and projects, especially in the business sector, as well as all matters related to the management of your real estate assets and the planning of your estate. Our [&hellip;]\" \/>\n<meta property=\"og:url\" content=\"https:\/\/svavocats.com\/en\/sv-notaires\/\" \/>\n<meta property=\"og:site_name\" content=\"St-Amant &amp; Vien Avocats d\u2019affaires\" \/>\n<meta property=\"article:modified_time\" content=\"2025-07-10T19:41:57+00:00\" \/>\n<meta property=\"og:image\" content=\"https:\/\/svavocats.com\/wp-content\/uploads\/2021\/04\/logo-fb.jpg\" \/>\n\t<meta property=\"og:image:width\" content=\"1200\" \/>\n\t<meta property=\"og:image:height\" content=\"630\" \/>\n\t<meta property=\"og:image:type\" content=\"image\/jpeg\" \/>\n<meta name=\"twitter:card\" content=\"summary_large_image\" \/>\n<meta name=\"twitter:label1\" content=\"Est. reading time\" \/>\n\t<meta name=\"twitter:data1\" content=\"2 minutes\" \/>\n<script type=\"application\/ld+json\" class=\"yoast-schema-graph\">{\"@context\":\"https:\\\/\\\/schema.org\",\"@graph\":[{\"@type\":\"WebPage\",\"@id\":\"https:\\\/\\\/svavocats.com\\\/en\\\/sv-notaires\\\/\",\"url\":\"https:\\\/\\\/svavocats.com\\\/en\\\/sv-notaires\\\/\",\"name\":\"S&amp;V NOTAIRES - St-Amant &amp; Vien Avocats d\u2019affaires\",\"isPartOf\":{\"@id\":\"https:\\\/\\\/svavocats.com\\\/#website\"},\"datePublished\":\"2022-10-21T13:24:11+00:00\",\"dateModified\":\"2025-07-10T19:41:57+00:00\",\"breadcrumb\":{\"@id\":\"https:\\\/\\\/svavocats.com\\\/en\\\/sv-notaires\\\/#breadcrumb\"},\"inLanguage\":\"en-US\",\"potentialAction\":[{\"@type\":\"ReadAction\",\"target\":[\"https:\\\/\\\/svavocats.com\\\/en\\\/sv-notaires\\\/\"]}]},{\"@type\":\"BreadcrumbList\",\"@id\":\"https:\\\/\\\/svavocats.com\\\/en\\\/sv-notaires\\\/#breadcrumb\",\"itemListElement\":[{\"@type\":\"ListItem\",\"position\":1,\"name\":\"Accueil\",\"item\":\"https:\\\/\\\/svavocats.com\\\/\"},{\"@type\":\"ListItem\",\"position\":2,\"name\":\"S&amp;V NOTAIRES\"}]},{\"@type\":\"WebSite\",\"@id\":\"https:\\\/\\\/svavocats.com\\\/#website\",\"url\":\"https:\\\/\\\/svavocats.com\\\/\",\"name\":\"St-Amant &amp; Vien Avocats d\u2019affaires\",\"description\":\"Un cabinet canadien sp\u00e9cialis\u00e9 en droit des affaires bas\u00e9 au Qu\u00e9bec\",\"potentialAction\":[{\"@type\":\"SearchAction\",\"target\":{\"@type\":\"EntryPoint\",\"urlTemplate\":\"https:\\\/\\\/svavocats.com\\\/?s={search_term_string}\"},\"query-input\":{\"@type\":\"PropertyValueSpecification\",\"valueRequired\":true,\"valueName\":\"search_term_string\"}}],\"inLanguage\":\"en-US\"}]}<\/script>\n<!-- \/ Yoast SEO plugin. -->","yoast_head_json":{"title":"S&amp;V NOTAIRES - St-Amant &amp; Vien Avocats d\u2019affaires","robots":{"index":"index","follow":"follow","max-snippet":"max-snippet:-1","max-image-preview":"max-image-preview:large","max-video-preview":"max-video-preview:-1"},"canonical":"https:\/\/svavocats.com\/en\/sv-notaires\/","og_locale":"en_US","og_type":"article","og_title":"S&amp;V NOTAIRES - St-Amant &amp; Vien Avocats d\u2019affaires","og_description":"S&amp;V NOTAIRES S&amp;V Notaires is the notary law department of St-Amant &amp; Vien Avocats d\u2019affaires. Our expertise and experience allow us to handle the most complex cases and projects, especially in the business sector, as well as all matters related to the management of your real estate assets and the planning of your estate. Our [&hellip;]","og_url":"https:\/\/svavocats.com\/en\/sv-notaires\/","og_site_name":"St-Amant &amp; Vien Avocats d\u2019affaires","article_modified_time":"2025-07-10T19:41:57+00:00","og_image":[{"width":1200,"height":630,"url":"https:\/\/svavocats.com\/wp-content\/uploads\/2021\/04\/logo-fb.jpg","type":"image\/jpeg"}],"twitter_card":"summary_large_image","twitter_misc":{"Est. reading time":"2 minutes"},"schema":{"@context":"https:\/\/schema.org","@graph":[{"@type":"WebPage","@id":"https:\/\/svavocats.com\/en\/sv-notaires\/","url":"https:\/\/svavocats.com\/en\/sv-notaires\/","name":"S&amp;V NOTAIRES - St-Amant &amp; Vien Avocats d\u2019affaires","isPartOf":{"@id":"https:\/\/svavocats.com\/#website"},"datePublished":"2022-10-21T13:24:11+00:00","dateModified":"2025-07-10T19:41:57+00:00","breadcrumb":{"@id":"https:\/\/svavocats.com\/en\/sv-notaires\/#breadcrumb"},"inLanguage":"en-US","potentialAction":[{"@type":"ReadAction","target":["https:\/\/svavocats.com\/en\/sv-notaires\/"]}]},{"@type":"BreadcrumbList","@id":"https:\/\/svavocats.com\/en\/sv-notaires\/#breadcrumb","itemListElement":[{"@type":"ListItem","position":1,"name":"Accueil","item":"https:\/\/svavocats.com\/"},{"@type":"ListItem","position":2,"name":"S&amp;V NOTAIRES"}]},{"@type":"WebSite","@id":"https:\/\/svavocats.com\/#website","url":"https:\/\/svavocats.com\/","name":"St-Amant &amp; Vien Avocats d\u2019affaires","description":"Un cabinet canadien sp\u00e9cialis\u00e9 en droit des affaires bas\u00e9 au Qu\u00e9bec","potentialAction":[{"@type":"SearchAction","target":{"@type":"EntryPoint","urlTemplate":"https:\/\/svavocats.com\/?s={search_term_string}"},"query-input":{"@type":"PropertyValueSpecification","valueRequired":true,"valueName":"search_term_string"}}],"inLanguage":"en-US"}]}},"_links":{"self":[{"href":"https:\/\/svavocats.com\/en\/wp-json\/wp\/v2\/pages\/539","targetHints":{"allow":["GET"]}}],"collection":[{"href":"https:\/\/svavocats.com\/en\/wp-json\/wp\/v2\/pages"}],"about":[{"href":"https:\/\/svavocats.com\/en\/wp-json\/wp\/v2\/types\/page"}],"author":[{"embeddable":true,"href":"https:\/\/svavocats.com\/en\/wp-json\/wp\/v2\/users\/1"}],"replies":[{"embeddable":true,"href":"https:\/\/svavocats.com\/en\/wp-json\/wp\/v2\/comments?post=539"}],"version-history":[{"count":12,"href":"https:\/\/svavocats.com\/en\/wp-json\/wp\/v2\/pages\/539\/revisions"}],"predecessor-version":[{"id":903,"href":"https:\/\/svavocats.com\/en\/wp-json\/wp\/v2\/pages\/539\/revisions\/903"}],"wp:attachment":[{"href":"https:\/\/svavocats.com\/en\/wp-json\/wp\/v2\/media?parent=539"}],"curies":[{"name":"wp","href":"https:\/\/api.w.org\/{rel}","templated":true}]}}